{"id":1020,"date":"2025-05-19T13:30:20","date_gmt":"2025-05-19T11:30:20","guid":{"rendered":"https:\/\/microzed.tn\/?post_type=product&#038;p=1020"},"modified":"2025-05-19T13:30:21","modified_gmt":"2025-05-19T11:30:21","slug":"station-denergie-portable-bst650-puissante-polyvalente-et-compacte","status":"publish","type":"product","link":"https:\/\/microzed.tn\/?product=station-denergie-portable-bst650-puissante-polyvalente-et-compacte","title":{"rendered":"Station d&rsquo;\u00c9nergie Portable BST650 \u2013 Puissante, Polyvalente et Compacte"},"content":{"rendered":"<p data-start=\"157\" data-end=\"474\">Con\u00e7ue pour r\u00e9pondre aux besoins d&rsquo;alimentation mobile, la station d\u2019\u00e9nergie <strong data-start=\"234\" data-end=\"244\">BST650<\/strong> allie performance, fiabilit\u00e9 et modernit\u00e9. Que ce soit pour le camping, les voyages, le travail en ext\u00e9rieur ou les pannes de courant \u00e0 la maison, elle offre une solution d\u2019alimentation compl\u00e8te dans un format compact et robuste.<\/p>\n<h4 data-start=\"476\" data-end=\"514\"><strong data-start=\"481\" data-end=\"514\">Caract\u00e9ristiques Techniques :<\/strong><\/h4>\n<ul data-start=\"516\" data-end=\"784\">\n<li data-start=\"516\" data-end=\"572\">\n<p data-start=\"518\" data-end=\"572\">\ud83d\udd0b <strong data-start=\"521\" data-end=\"542\">Capacit\u00e9 nominale<\/strong> : 634,92Wh (22,2V \/ 28,6Ah)<\/p>\n<\/li>\n<li data-start=\"573\" data-end=\"619\">\n<p data-start=\"575\" data-end=\"619\">\u26a1 <strong data-start=\"577\" data-end=\"609\">Puissance de sortie maximale<\/strong> : 1300W<\/p>\n<\/li>\n<li data-start=\"620\" data-end=\"683\">\n<p data-start=\"622\" data-end=\"683\">\ud83d\udd0c <strong data-start=\"625\" data-end=\"638\">Sortie CA<\/strong> : 230V \u00b110% \/ 50Hz (onde sinuso\u00efdale pure)<\/p>\n<\/li>\n<li data-start=\"684\" data-end=\"738\">\n<p data-start=\"686\" data-end=\"738\">\ud83d\udeab <strong data-start=\"689\" data-end=\"725\">Protection contre les surcharges<\/strong> : 680 \u00b130W<\/p>\n<\/li>\n<li data-start=\"739\" data-end=\"784\">\n<p data-start=\"741\" data-end=\"784\">\ud83d\udd0b <strong data-start=\"744\" data-end=\"764\">Entr\u00e9e de charge<\/strong> : 12\u201326V \/ 100W max<\/p>\n<\/li>\n<\/ul>\n<h4 data-start=\"786\" data-end=\"831\"><strong data-start=\"791\" data-end=\"831\">Connectiques &amp; Fonctions de Charge :<\/strong><\/h4>\n<ul data-start=\"833\" data-end=\"1027\">\n<li data-start=\"833\" data-end=\"876\">\n<p data-start=\"835\" data-end=\"876\">\u2705 <strong data-start=\"837\" data-end=\"851\">USB QC 3.0<\/strong> : 2 ports (18W chacun)<\/p>\n<\/li>\n<li data-start=\"877\" data-end=\"920\">\n<p data-start=\"879\" data-end=\"920\">\u2705 <strong data-start=\"881\" data-end=\"894\">Type-C PD<\/strong> : 2 ports (jusqu\u2019\u00e0 60W)<\/p>\n<\/li>\n<li data-start=\"921\" data-end=\"962\">\n<p data-start=\"923\" data-end=\"962\">\u2705 <strong data-start=\"925\" data-end=\"949\">Sortie allume-cigare<\/strong> : 14V \/ 8A<\/p>\n<\/li>\n<li data-start=\"963\" data-end=\"997\">\n<p data-start=\"965\" data-end=\"997\">\u2705 <strong data-start=\"967\" data-end=\"984\">Sortie DC5525<\/strong> : 14V \/ 8A<\/p>\n<\/li>\n<li data-start=\"998\" data-end=\"1027\">\n<p data-start=\"1000\" data-end=\"1027\">\u2705 <strong data-start=\"1002\" data-end=\"1021\">Charge sans fil<\/strong> : 15W<\/p>\n<\/li>\n<\/ul>\n<h4 data-start=\"1029\" data-end=\"1058\"><strong data-start=\"1034\" data-end=\"1058\">Design &amp; Ergonomie :<\/strong><\/h4>\n<ul data-start=\"1060\" data-end=\"1209\">\n<li data-start=\"1060\" data-end=\"1110\">\n<p data-start=\"1062\" data-end=\"1110\">\ud83d\udce6 <strong data-start=\"1065\" data-end=\"1087\">Dimensions produit<\/strong> : 347 \u00d7 231 \u00d7 206 mm<\/p>\n<\/li>\n<li data-start=\"1111\" data-end=\"1154\">\n<p data-start=\"1113\" data-end=\"1154\">\u2696\ufe0f <strong data-start=\"1116\" data-end=\"1129\">Poids net<\/strong> : 7,8 kg (9,5 kg brut)<\/p>\n<\/li>\n<li data-start=\"1155\" data-end=\"1209\">\n<p data-start=\"1157\" data-end=\"1209\">\ud83c\udf21\ufe0f <strong data-start=\"1161\" data-end=\"1194\">Temp\u00e9rature de fonctionnement<\/strong> : -10\u00b0C \u00e0 40\u00b0C<\/p>\n<\/li>\n<\/ul>\n<h4 data-start=\"1211\" data-end=\"1241\"><strong data-start=\"1216\" data-end=\"1241\">Contenu de la bo\u00eete :<\/strong><\/h4>\n<ul data-start=\"1243\" data-end=\"1381\">\n<li data-start=\"1243\" data-end=\"1274\">\n<p data-start=\"1245\" data-end=\"1274\">1x Station d\u2019\u00e9nergie BST650<\/p>\n<\/li>\n<li data-start=\"1275\" data-end=\"1300\">\n<p data-start=\"1277\" data-end=\"1300\">1x Adaptateur secteur<\/p>\n<\/li>\n<li data-start=\"1301\" data-end=\"1327\">\n<p data-start=\"1303\" data-end=\"1327\">1x C\u00e2ble allume-cigare<\/p>\n<\/li>\n<li data-start=\"1328\" data-end=\"1355\">\n<p data-start=\"1330\" data-end=\"1355\">1x C\u00e2ble d\u2019alimentation<\/p>\n<\/li>\n<li data-start=\"1356\" data-end=\"1381\">\n<p data-start=\"1358\" data-end=\"1381\">1x Manuel d\u2019utilisation<\/p>\n<\/li>\n<\/ul>\n<p data-start=\"1388\" data-end=\"1533\"><strong data-start=\"1388\" data-end=\"1398\">BST650<\/strong>, votre alli\u00e9 \u00e9nerg\u00e9tique pour toutes les situations. Puissance, mobilit\u00e9 et s\u00e9curit\u00e9 r\u00e9unies dans une station fiable au design soign\u00e9.<\/p>\n","protected":false},"excerpt":{"rendered":"<p data-start=\"157\" data-end=\"474\">Con\u00e7ue pour r\u00e9pondre aux besoins d&rsquo;alimentation mobile, la station d\u2019\u00e9nergie <strong data-start=\"234\" data-end=\"244\">BST650<\/strong> allie performance, fiabilit\u00e9 et modernit\u00e9. Que ce soit pour le camping, les voyages, le travail en ext\u00e9rieur ou les pannes de courant \u00e0 la maison, elle offre une solution d\u2019alimentation compl\u00e8te dans un format compact et robuste.<\/p>\n<h4 data-start=\"476\" data-end=\"514\"><strong data-start=\"481\" data-end=\"514\">Caract\u00e9ristiques Techniques :<\/strong><\/h4>\n<ul data-start=\"516\" data-end=\"784\">\n<li data-start=\"516\" data-end=\"572\">\n<p data-start=\"518\" data-end=\"572\">\ud83d\udd0b <strong data-start=\"521\" data-end=\"542\">Capacit\u00e9 nominale<\/strong> : 634,92Wh (22,2V \/ 28,6Ah)<\/p>\n<\/li>\n<li data-start=\"573\" data-end=\"619\">\n<p data-start=\"575\" data-end=\"619\">\u26a1 <strong data-start=\"577\" data-end=\"609\">Puissance de sortie maximale<\/strong> : 1300W<\/p>\n<\/li>\n<li data-start=\"620\" data-end=\"683\">\n<p data-start=\"622\" data-end=\"683\">\ud83d\udd0c <strong data-start=\"625\" data-end=\"638\">Sortie CA<\/strong> : 230V \u00b110% \/ 50Hz (onde sinuso\u00efdale pure)<\/p>\n<\/li>\n<li data-start=\"684\" data-end=\"738\">\n<p data-start=\"686\" data-end=\"738\">\ud83d\udeab <strong data-start=\"689\" data-end=\"725\">Protection contre les surcharges<\/strong> : 680 \u00b130W<\/p>\n<\/li>\n<li data-start=\"739\" data-end=\"784\">\n<p data-start=\"741\" data-end=\"784\">\ud83d\udd0b <strong data-start=\"744\" data-end=\"764\">Entr\u00e9e de charge<\/strong> : 12\u201326V \/ 100W max<\/p>\n<\/li>\n<\/ul>\n<h4 data-start=\"786\" data-end=\"831\"><strong data-start=\"791\" data-end=\"831\">Connectiques &amp; Fonctions de Charge :<\/strong><\/h4>\n<ul data-start=\"833\" data-end=\"1027\">\n<li data-start=\"833\" data-end=\"876\">\n<p data-start=\"835\" data-end=\"876\">\u2705 <strong data-start=\"837\" data-end=\"851\">USB QC 3.0<\/strong> : 2 ports (18W chacun)<\/p>\n<\/li>\n<li data-start=\"877\" data-end=\"920\">\n<p data-start=\"879\" data-end=\"920\">\u2705 <strong data-start=\"881\" data-end=\"894\">Type-C PD<\/strong> : 2 ports (jusqu\u2019\u00e0 60W)<\/p>\n<\/li>\n<li data-start=\"921\" data-end=\"962\">\n<p data-start=\"923\" data-end=\"962\">\u2705 <strong data-start=\"925\" data-end=\"949\">Sortie allume-cigare<\/strong> : 14V \/ 8A<\/p>\n<\/li>\n<li data-start=\"963\" data-end=\"997\">\n<p data-start=\"965\" data-end=\"997\">\u2705 <strong data-start=\"967\" data-end=\"984\">Sortie DC5525<\/strong> : 14V \/ 8A<\/p>\n<\/li>\n<li data-start=\"998\" data-end=\"1027\">\n<p data-start=\"1000\" data-end=\"1027\">\u2705 <strong data-start=\"1002\" data-end=\"1021\">Charge sans fil<\/strong> : 15W<\/p>\n<\/li>\n<\/ul>\n<h4 data-start=\"1029\" data-end=\"1058\"><strong data-start=\"1034\" data-end=\"1058\">Design &amp; Ergonomie :<\/strong><\/h4>\n<ul data-start=\"1060\" data-end=\"1209\">\n<li data-start=\"1060\" data-end=\"1110\">\n<p data-start=\"1062\" data-end=\"1110\">\ud83d\udce6 <strong data-start=\"1065\" data-end=\"1087\">Dimensions produit<\/strong> : 347 \u00d7 231 \u00d7 206 mm<\/p>\n<\/li>\n<li data-start=\"1111\" data-end=\"1154\">\n<p data-start=\"1113\" data-end=\"1154\">\u2696\ufe0f <strong data-start=\"1116\" data-end=\"1129\">Poids net<\/strong> : 7,8 kg (9,5 kg brut)<\/p>\n<\/li>\n<li data-start=\"1155\" data-end=\"1209\">\n<p data-start=\"1157\" data-end=\"1209\">\ud83c\udf21\ufe0f <strong data-start=\"1161\" data-end=\"1194\">Temp\u00e9rature de fonctionnement<\/strong> : -10\u00b0C \u00e0 40\u00b0C<\/p>\n<\/li>\n<\/ul>\n<h4 data-start=\"1211\" data-end=\"1241\"><strong data-start=\"1216\" data-end=\"1241\">Contenu de la bo\u00eete :<\/strong><\/h4>\n<ul data-start=\"1243\" data-end=\"1381\">\n<li data-start=\"1243\" data-end=\"1274\">\n<p data-start=\"1245\" data-end=\"1274\">1x Station d\u2019\u00e9nergie BST650<\/p>\n<\/li>\n<li data-start=\"1275\" data-end=\"1300\">\n<p data-start=\"1277\" data-end=\"1300\">1x Adaptateur secteur<\/p>\n<\/li>\n<li data-start=\"1301\" data-end=\"1327\">\n<p data-start=\"1303\" data-end=\"1327\">1x C\u00e2ble allume-cigare<\/p>\n<\/li>\n<li data-start=\"1328\" data-end=\"1355\">\n<p data-start=\"1330\" data-end=\"1355\">1x C\u00e2ble d\u2019alimentation<\/p>\n<\/li>\n<li data-start=\"1356\" data-end=\"1381\">\n<p data-start=\"1358\" data-end=\"1381\">1x Manuel d\u2019utilisation<\/p>\n<\/li>\n<\/ul>\n<p data-start=\"1388\" data-end=\"1533\"><strong data-start=\"1388\" data-end=\"1398\">BST650<\/strong>, votre alli\u00e9 \u00e9nerg\u00e9tique pour toutes les situations. Puissance, mobilit\u00e9 et s\u00e9curit\u00e9 r\u00e9unies dans une station fiable au design soign\u00e9.<\/p>\n","protected":false},"featured_media":1021,"comment_status":"open","ping_status":"closed","template":"","meta":{"site-sidebar-layout":"default","site-content-layout":"","ast-site-content-layout":"default","site-content-style":"default","site-sidebar-style":"default","ast-global-header-display":"","ast-banner-title-visibility":"","ast-main-header-display":"","ast-hfb-above-header-display":"","ast-hfb-below-header-display":"","ast-hfb-mobile-header-display":"","site-post-title":"","ast-breadcrumbs-content":"","ast-featured-img":"","footer-sml-layout":"","theme-transparent-header-meta":"default","adv-header-id-meta":"","stick-header-meta":"","header-above-stick-meta":"","header-main-stick-meta":"","header-below-stick-meta":"","astra-migrate-meta-layouts":"set","ast-page-background-enabled":"default","ast-page-background-meta":{"desktop":{"background-color":"var(--ast-global-color-4)","background-image":"","background-repeat":"repeat","background-position":"center center","background-size":"auto","background-attachment":"scroll","background-type":"","background-media":"","overlay-type":"","overlay-color":"","overlay-gradient":""},"tablet":{"background-color":"","background-image":"","background-repeat":"repeat","background-position":"center center","background-size":"auto","background-attachment":"scroll","background-type":"","background-media":"","overlay-type":"","overlay-color":"","overlay-gradient":""},"mobile":{"background-color":"","background-image":"","background-repeat":"repeat","background-position":"center center","background-size":"auto","background-attachment":"scroll","background-type":"","background-media":"","overlay-type":"","overlay-color":"","overlay-gradient":""}},"ast-content-background-meta":{"desktop":{"background-color":"var(--ast-global-color-5)","background-image":"","background-repeat":"repeat","background-position":"center center","background-size":"auto","background-attachment":"scroll","background-type":"","background-media":"","overlay-type":"","overlay-color":"","overlay-gradient":""},"tablet":{"background-color":"var(--ast-global-color-5)","background-image":"","background-repeat":"repeat","background-position":"center center","background-size":"auto","background-attachment":"scroll","background-type":"","background-media":"","overlay-type":"","overlay-color":"","overlay-gradient":""},"mobile":{"background-color":"var(--ast-global-color-5)","background-image":"","background-repeat":"repeat","background-position":"center center","background-size":"auto","background-attachment":"scroll","background-type":"","background-media":"","overlay-type":"","overlay-color":"","overlay-gradient":""}}},"product_cat":[29,54],"product_tag":[],"class_list":{"0":"post-1020","1":"product","2":"type-product","3":"status-publish","4":"has-post-thumbnail","6":"product_cat-cables-adaptateurs","7":"product_cat-power-bank","8":"desktop-align-left","9":"tablet-align-left","10":"mobile-align-left","12":"first","13":"instock","14":"sale","15":"shipping-taxable","16":"purchasable","17":"product-type-simple"},"yoast_head":"<!-- This site is optimized with the Yoast SEO plugin v25.5 - https:\/\/yoast.com\/wordpress\/plugins\/seo\/ -->\n<title>Station d&#039;\u00c9nergie Portable BST650 \u2013 Puissante, Polyvalente et Compacte -<\/title>\n<meta name=\"robots\" content=\"index, follow, max-snippet:-1, max-image-preview:large, max-video-preview:-1\" \/>\n<link rel=\"canonical\" href=\"https:\/\/microzed.tn\/?product=station-denergie-portable-bst650-puissante-polyvalente-et-compacte\" \/>\n<meta property=\"og:locale\" content=\"fr_FR\" \/>\n<meta property=\"og:type\" content=\"article\" \/>\n<meta property=\"og:title\" content=\"Station d&#039;\u00c9nergie Portable BST650 \u2013 Puissante, Polyvalente et Compacte -\" \/>\n<meta property=\"og:description\" content=\"Con\u00e7ue pour r\u00e9pondre aux besoins d&#039;alimentation mobile, la station d\u2019\u00e9nergie BST650 allie performance, fiabilit\u00e9 et modernit\u00e9. Que ce soit pour le camping, les voyages, le travail en ext\u00e9rieur ou les pannes de courant \u00e0 la maison, elle offre une solution d\u2019alimentation compl\u00e8te dans un format compact et robuste.  Caract\u00e9ristiques Techniques :    \ud83d\udd0b Capacit\u00e9 nominale : 634,92Wh (22,2V \/ 28,6Ah)    \u26a1 Puissance de sortie maximale : 1300W    \ud83d\udd0c Sortie CA : 230V \u00b110% \/ 50Hz (onde sinuso\u00efdale pure)    \ud83d\udeab Protection contre les surcharges : 680 \u00b130W    \ud83d\udd0b Entr\u00e9e de charge : 12\u201326V \/ 100W max   Connectiques &amp; Fonctions de Charge :    \u2705 USB QC 3.0 : 2 ports (18W chacun)    \u2705 Type-C PD : 2 ports (jusqu\u2019\u00e0 60W)    \u2705 Sortie allume-cigare : 14V \/ 8A    \u2705 Sortie DC5525 : 14V \/ 8A    \u2705 Charge sans fil : 15W   Design &amp; Ergonomie :    \ud83d\udce6 Dimensions produit : 347 \u00d7 231 \u00d7 206 mm    \u2696\ufe0f Poids net : 7,8 kg (9,5 kg brut)    \ud83c\udf21\ufe0f Temp\u00e9rature de fonctionnement : -10\u00b0C \u00e0 40\u00b0C   Contenu de la bo\u00eete :    1x Station d\u2019\u00e9nergie BST650    1x Adaptateur secteur    1x C\u00e2ble allume-cigare    1x C\u00e2ble d\u2019alimentation    1x Manuel d\u2019utilisation   BST650, votre alli\u00e9 \u00e9nerg\u00e9tique pour toutes les situations. Puissance, mobilit\u00e9 et s\u00e9curit\u00e9 r\u00e9unies dans une station fiable au design soign\u00e9.\" \/>\n<meta property=\"og:url\" content=\"https:\/\/microzed.tn\/?product=station-denergie-portable-bst650-puissante-polyvalente-et-compacte\" \/>\n<meta property=\"article:modified_time\" content=\"2025-05-19T11:30:21+00:00\" \/>\n<meta property=\"og:image\" content=\"https:\/\/microzed.tn\/wp-content\/uploads\/2025\/05\/BST-650.jpg\" \/>\n\t<meta property=\"og:image:width\" content=\"507\" \/>\n\t<meta property=\"og:image:height\" content=\"501\" \/>\n\t<meta property=\"og:image:type\" content=\"image\/jpeg\" \/>\n<meta name=\"twitter:card\" content=\"summary_large_image\" \/>\n<meta name=\"twitter:label1\" content=\"Dur\u00e9e de lecture estim\u00e9e\" \/>\n\t<meta name=\"twitter:data1\" content=\"1 minute\" \/>\n<script type=\"application\/ld+json\" class=\"yoast-schema-graph\">{\"@context\":\"https:\/\/schema.org\",\"@graph\":[{\"@type\":\"WebPage\",\"@id\":\"https:\/\/microzed.tn\/?product=station-denergie-portable-bst650-puissante-polyvalente-et-compacte\",\"url\":\"https:\/\/microzed.tn\/?product=station-denergie-portable-bst650-puissante-polyvalente-et-compacte\",\"name\":\"Station d'\u00c9nergie Portable BST650 \u2013 Puissante, Polyvalente et Compacte -\",\"isPartOf\":{\"@id\":\"https:\/\/microzed.tn\/#website\"},\"primaryImageOfPage\":{\"@id\":\"https:\/\/microzed.tn\/?product=station-denergie-portable-bst650-puissante-polyvalente-et-compacte#primaryimage\"},\"image\":{\"@id\":\"https:\/\/microzed.tn\/?product=station-denergie-portable-bst650-puissante-polyvalente-et-compacte#primaryimage\"},\"thumbnailUrl\":\"https:\/\/microzed.tn\/wp-content\/uploads\/2025\/05\/BST-650.jpg\",\"datePublished\":\"2025-05-19T11:30:20+00:00\",\"dateModified\":\"2025-05-19T11:30:21+00:00\",\"breadcrumb\":{\"@id\":\"https:\/\/microzed.tn\/?product=station-denergie-portable-bst650-puissante-polyvalente-et-compacte#breadcrumb\"},\"inLanguage\":\"fr-FR\",\"potentialAction\":[{\"@type\":\"ReadAction\",\"target\":[\"https:\/\/microzed.tn\/?product=station-denergie-portable-bst650-puissante-polyvalente-et-compacte\"]}]},{\"@type\":\"ImageObject\",\"inLanguage\":\"fr-FR\",\"@id\":\"https:\/\/microzed.tn\/?product=station-denergie-portable-bst650-puissante-polyvalente-et-compacte#primaryimage\",\"url\":\"https:\/\/microzed.tn\/wp-content\/uploads\/2025\/05\/BST-650.jpg\",\"contentUrl\":\"https:\/\/microzed.tn\/wp-content\/uploads\/2025\/05\/BST-650.jpg\",\"width\":507,\"height\":501},{\"@type\":\"BreadcrumbList\",\"@id\":\"https:\/\/microzed.tn\/?product=station-denergie-portable-bst650-puissante-polyvalente-et-compacte#breadcrumb\",\"itemListElement\":[{\"@type\":\"ListItem\",\"position\":1,\"name\":\"Accueil\",\"item\":\"https:\/\/microzed.tn\/\"},{\"@type\":\"ListItem\",\"position\":2,\"name\":\"Products\",\"item\":\"https:\/\/microzed.tn\/?page_id=110\"},{\"@type\":\"ListItem\",\"position\":3,\"name\":\"Station d&rsquo;\u00c9nergie Portable BST650 \u2013 Puissante, Polyvalente et Compacte\"}]},{\"@type\":\"WebSite\",\"@id\":\"https:\/\/microzed.tn\/#website\",\"url\":\"https:\/\/microzed.tn\/\",\"name\":\"\",\"description\":\"\",\"potentialAction\":[{\"@type\":\"SearchAction\",\"target\":{\"@type\":\"EntryPoint\",\"urlTemplate\":\"https:\/\/microzed.tn\/?s={search_term_string}\"},\"query-input\":{\"@type\":\"PropertyValueSpecification\",\"valueRequired\":true,\"valueName\":\"search_term_string\"}}],\"inLanguage\":\"fr-FR\"}]}<\/script>\n<!-- \/ Yoast SEO plugin. -->","yoast_head_json":{"title":"Station d'\u00c9nergie Portable BST650 \u2013 Puissante, Polyvalente et Compacte -","robots":{"index":"index","follow":"follow","max-snippet":"max-snippet:-1","max-image-preview":"max-image-preview:large","max-video-preview":"max-video-preview:-1"},"canonical":"https:\/\/microzed.tn\/?product=station-denergie-portable-bst650-puissante-polyvalente-et-compacte","og_locale":"fr_FR","og_type":"article","og_title":"Station d'\u00c9nergie Portable BST650 \u2013 Puissante, Polyvalente et Compacte -","og_description":"Con\u00e7ue pour r\u00e9pondre aux besoins d'alimentation mobile, la station d\u2019\u00e9nergie BST650 allie performance, fiabilit\u00e9 et modernit\u00e9. Que ce soit pour le camping, les voyages, le travail en ext\u00e9rieur ou les pannes de courant \u00e0 la maison, elle offre une solution d\u2019alimentation compl\u00e8te dans un format compact et robuste.  Caract\u00e9ristiques Techniques :    \ud83d\udd0b Capacit\u00e9 nominale : 634,92Wh (22,2V \/ 28,6Ah)    \u26a1 Puissance de sortie maximale : 1300W    \ud83d\udd0c Sortie CA : 230V \u00b110% \/ 50Hz (onde sinuso\u00efdale pure)    \ud83d\udeab Protection contre les surcharges : 680 \u00b130W    \ud83d\udd0b Entr\u00e9e de charge : 12\u201326V \/ 100W max   Connectiques &amp; Fonctions de Charge :    \u2705 USB QC 3.0 : 2 ports (18W chacun)    \u2705 Type-C PD : 2 ports (jusqu\u2019\u00e0 60W)    \u2705 Sortie allume-cigare : 14V \/ 8A    \u2705 Sortie DC5525 : 14V \/ 8A    \u2705 Charge sans fil : 15W   Design &amp; Ergonomie :    \ud83d\udce6 Dimensions produit : 347 \u00d7 231 \u00d7 206 mm    \u2696\ufe0f Poids net : 7,8 kg (9,5 kg brut)    \ud83c\udf21\ufe0f Temp\u00e9rature de fonctionnement : -10\u00b0C \u00e0 40\u00b0C   Contenu de la bo\u00eete :    1x Station d\u2019\u00e9nergie BST650    1x Adaptateur secteur    1x C\u00e2ble allume-cigare    1x C\u00e2ble d\u2019alimentation    1x Manuel d\u2019utilisation   BST650, votre alli\u00e9 \u00e9nerg\u00e9tique pour toutes les situations. Puissance, mobilit\u00e9 et s\u00e9curit\u00e9 r\u00e9unies dans une station fiable au design soign\u00e9.","og_url":"https:\/\/microzed.tn\/?product=station-denergie-portable-bst650-puissante-polyvalente-et-compacte","article_modified_time":"2025-05-19T11:30:21+00:00","og_image":[{"width":507,"height":501,"url":"https:\/\/microzed.tn\/wp-content\/uploads\/2025\/05\/BST-650.jpg","type":"image\/jpeg"}],"twitter_card":"summary_large_image","twitter_misc":{"Dur\u00e9e de lecture estim\u00e9e":"1 minute"},"schema":{"@context":"https:\/\/schema.org","@graph":[{"@type":"WebPage","@id":"https:\/\/microzed.tn\/?product=station-denergie-portable-bst650-puissante-polyvalente-et-compacte","url":"https:\/\/microzed.tn\/?product=station-denergie-portable-bst650-puissante-polyvalente-et-compacte","name":"Station d'\u00c9nergie Portable BST650 \u2013 Puissante, Polyvalente et Compacte -","isPartOf":{"@id":"https:\/\/microzed.tn\/#website"},"primaryImageOfPage":{"@id":"https:\/\/microzed.tn\/?product=station-denergie-portable-bst650-puissante-polyvalente-et-compacte#primaryimage"},"image":{"@id":"https:\/\/microzed.tn\/?product=station-denergie-portable-bst650-puissante-polyvalente-et-compacte#primaryimage"},"thumbnailUrl":"https:\/\/microzed.tn\/wp-content\/uploads\/2025\/05\/BST-650.jpg","datePublished":"2025-05-19T11:30:20+00:00","dateModified":"2025-05-19T11:30:21+00:00","breadcrumb":{"@id":"https:\/\/microzed.tn\/?product=station-denergie-portable-bst650-puissante-polyvalente-et-compacte#breadcrumb"},"inLanguage":"fr-FR","potentialAction":[{"@type":"ReadAction","target":["https:\/\/microzed.tn\/?product=station-denergie-portable-bst650-puissante-polyvalente-et-compacte"]}]},{"@type":"ImageObject","inLanguage":"fr-FR","@id":"https:\/\/microzed.tn\/?product=station-denergie-portable-bst650-puissante-polyvalente-et-compacte#primaryimage","url":"https:\/\/microzed.tn\/wp-content\/uploads\/2025\/05\/BST-650.jpg","contentUrl":"https:\/\/microzed.tn\/wp-content\/uploads\/2025\/05\/BST-650.jpg","width":507,"height":501},{"@type":"BreadcrumbList","@id":"https:\/\/microzed.tn\/?product=station-denergie-portable-bst650-puissante-polyvalente-et-compacte#breadcrumb","itemListElement":[{"@type":"ListItem","position":1,"name":"Accueil","item":"https:\/\/microzed.tn\/"},{"@type":"ListItem","position":2,"name":"Products","item":"https:\/\/microzed.tn\/?page_id=110"},{"@type":"ListItem","position":3,"name":"Station d&rsquo;\u00c9nergie Portable BST650 \u2013 Puissante, Polyvalente et Compacte"}]},{"@type":"WebSite","@id":"https:\/\/microzed.tn\/#website","url":"https:\/\/microzed.tn\/","name":"","description":"","potentialAction":[{"@type":"SearchAction","target":{"@type":"EntryPoint","urlTemplate":"https:\/\/microzed.tn\/?s={search_term_string}"},"query-input":{"@type":"PropertyValueSpecification","valueRequired":true,"valueName":"search_term_string"}}],"inLanguage":"fr-FR"}]}},"jetpack_sharing_enabled":true,"_links":{"self":[{"href":"https:\/\/microzed.tn\/index.php?rest_route=\/wp\/v2\/product\/1020","targetHints":{"allow":["GET"]}}],"collection":[{"href":"https:\/\/microzed.tn\/index.php?rest_route=\/wp\/v2\/product"}],"about":[{"href":"https:\/\/microzed.tn\/index.php?rest_route=\/wp\/v2\/types\/product"}],"replies":[{"embeddable":true,"href":"https:\/\/microzed.tn\/index.php?rest_route=%2Fwp%2Fv2%2Fcomments&post=1020"}],"wp:featuredmedia":[{"embeddable":true,"href":"https:\/\/microzed.tn\/index.php?rest_route=\/wp\/v2\/media\/1021"}],"wp:attachment":[{"href":"https:\/\/microzed.tn\/index.php?rest_route=%2Fwp%2Fv2%2Fmedia&parent=1020"}],"wp:term":[{"taxonomy":"product_cat","embeddable":true,"href":"https:\/\/microzed.tn\/index.php?rest_route=%2Fwp%2Fv2%2Fproduct_cat&post=1020"},{"taxonomy":"product_tag","embeddable":true,"href":"https:\/\/microzed.tn\/index.php?rest_route=%2Fwp%2Fv2%2Fproduct_tag&post=1020"}],"curies":[{"name":"wp","href":"https:\/\/api.w.org\/{rel}","templated":true}]}}