{"id":688,"date":"2025-05-10T14:27:52","date_gmt":"2025-05-10T12:27:52","guid":{"rendered":"https:\/\/microzed.tn\/?post_type=product&#038;p=688"},"modified":"2025-05-30T14:50:15","modified_gmt":"2025-05-30T12:50:15","slug":"ecouteurs-sans-fil-bavin-ba34-tws-blanc","status":"publish","type":"product","link":"https:\/\/microzed.tn\/?product=ecouteurs-sans-fil-bavin-ba34-tws-blanc","title":{"rendered":"\u00c9couteurs Sans Fil Bavin BA34 TWS Blanc"},"content":{"rendered":"<p><b>\u00c9couteurs Sans Fil Bavin BA34 TWS<\/b>, con\u00e7us avec\u00a0<b>Bluetooth V5.0<\/b>\u00a0pour une connexion sans fil jusqu\u2019\u00e0\u00a0<b>10 m<\/b>. Ils offrent une autonomie de\u00a0<b>4 heures<\/b>\u00a0de musique et se rechargent compl\u00e8tement en\u00a0<b>1 heure<\/b>. Leur bo\u00eetier compact et leur design ergonomique garantissent une \u00e9coute agr\u00e9able et prolong\u00e9e.\u00a0<b>Couleur : Blanc<\/b>.<\/p>\n","protected":false},"excerpt":{"rendered":"<p><b>\u00c9couteurs Sans Fil Bavin BA34 TWS<\/b>, con\u00e7us avec\u00a0<b>Bluetooth V5.0<\/b>\u00a0pour une connexion sans fil jusqu\u2019\u00e0\u00a0<b>10 m<\/b>. Ils offrent une autonomie de\u00a0<b>4 heures<\/b>\u00a0de musique et se rechargent compl\u00e8tement en\u00a0<b>1 heure<\/b>. Leur bo\u00eetier compact et leur design ergonomique garantissent une \u00e9coute agr\u00e9able et prolong\u00e9e.\u00a0<b>Couleur : Blanc<\/b>.<\/p>\n","protected":false},"featured_media":689,"comment_status":"open","ping_status":"closed","template":"","meta":{"site-sidebar-layout":"default","site-content-layout":"","ast-site-content-layout":"default","site-content-style":"default","site-sidebar-style":"default","ast-global-header-display":"","ast-banner-title-visibility":"","ast-main-header-display":"","ast-hfb-above-header-display":"","ast-hfb-below-header-display":"","ast-hfb-mobile-header-display":"","site-post-title":"","ast-breadcrumbs-content":"","ast-featured-img":"","footer-sml-layout":"","theme-transparent-header-meta":"default","adv-header-id-meta":"","stick-header-meta":"","header-above-stick-meta":"","header-main-stick-meta":"","header-below-stick-meta":"","astra-migrate-meta-layouts":"set","ast-page-background-enabled":"default","ast-page-background-meta":{"desktop":{"background-color":"var(--ast-global-color-4)","background-image":"","background-repeat":"repeat","background-position":"center center","background-size":"auto","background-attachment":"scroll","background-type":"","background-media":"","overlay-type":"","overlay-color":"","overlay-gradient":""},"tablet":{"background-color":"","background-image":"","background-repeat":"repeat","background-position":"center center","background-size":"auto","background-attachment":"scroll","background-type":"","background-media":"","overlay-type":"","overlay-color":"","overlay-gradient":""},"mobile":{"background-color":"","background-image":"","background-repeat":"repeat","background-position":"center center","background-size":"auto","background-attachment":"scroll","background-type":"","background-media":"","overlay-type":"","overlay-color":"","overlay-gradient":""}},"ast-content-background-meta":{"desktop":{"background-color":"var(--ast-global-color-5)","background-image":"","background-repeat":"repeat","background-position":"center center","background-size":"auto","background-attachment":"scroll","background-type":"","background-media":"","overlay-type":"","overlay-color":"","overlay-gradient":""},"tablet":{"background-color":"var(--ast-global-color-5)","background-image":"","background-repeat":"repeat","background-position":"center center","background-size":"auto","background-attachment":"scroll","background-type":"","background-media":"","overlay-type":"","overlay-color":"","overlay-gradient":""},"mobile":{"background-color":"var(--ast-global-color-5)","background-image":"","background-repeat":"repeat","background-position":"center center","background-size":"auto","background-attachment":"scroll","background-type":"","background-media":"","overlay-type":"","overlay-color":"","overlay-gradient":""}}},"product_cat":[53,25],"product_tag":[],"class_list":{"0":"post-688","1":"product","2":"type-product","3":"status-publish","4":"has-post-thumbnail","6":"product_cat-ecouteurs","7":"product_cat-son-numerique","8":"desktop-align-left","9":"tablet-align-left","10":"mobile-align-left","12":"first","13":"instock","14":"sale","15":"shipping-taxable","16":"purchasable","17":"product-type-simple"},"yoast_head":"<!-- This site is optimized with the Yoast SEO plugin v25.5 - https:\/\/yoast.com\/wordpress\/plugins\/seo\/ -->\n<title>\u00c9couteurs Sans Fil Bavin BA34 TWS Blanc -<\/title>\n<meta name=\"robots\" content=\"index, follow, max-snippet:-1, max-image-preview:large, max-video-preview:-1\" \/>\n<link rel=\"canonical\" href=\"https:\/\/microzed.tn\/?product=ecouteurs-sans-fil-bavin-ba34-tws-blanc\" \/>\n<meta property=\"og:locale\" content=\"fr_FR\" \/>\n<meta property=\"og:type\" content=\"article\" \/>\n<meta property=\"og:title\" content=\"\u00c9couteurs Sans Fil Bavin BA34 TWS Blanc -\" \/>\n<meta property=\"og:description\" content=\"\u00c9couteurs Sans Fil Bavin BA34 TWS, con\u00e7us avec\u00a0Bluetooth V5.0\u00a0pour une connexion sans fil jusqu\u2019\u00e0\u00a010 m. Ils offrent une autonomie de\u00a04 heures\u00a0de musique et se rechargent compl\u00e8tement en\u00a01 heure. Leur bo\u00eetier compact et leur design ergonomique garantissent une \u00e9coute agr\u00e9able et prolong\u00e9e.\u00a0Couleur : Blanc.\" \/>\n<meta property=\"og:url\" content=\"https:\/\/microzed.tn\/?product=ecouteurs-sans-fil-bavin-ba34-tws-blanc\" \/>\n<meta property=\"article:modified_time\" content=\"2025-05-30T12:50:15+00:00\" \/>\n<meta property=\"og:image\" content=\"https:\/\/microzed.tn\/wp-content\/uploads\/2025\/05\/Sans-titre-1.png\" \/>\n\t<meta property=\"og:image:width\" content=\"1080\" \/>\n\t<meta property=\"og:image:height\" content=\"1080\" \/>\n\t<meta property=\"og:image:type\" content=\"image\/png\" \/>\n<meta name=\"twitter:card\" content=\"summary_large_image\" \/>\n<script type=\"application\/ld+json\" class=\"yoast-schema-graph\">{\"@context\":\"https:\/\/schema.org\",\"@graph\":[{\"@type\":\"WebPage\",\"@id\":\"https:\/\/microzed.tn\/?product=ecouteurs-sans-fil-bavin-ba34-tws-blanc\",\"url\":\"https:\/\/microzed.tn\/?product=ecouteurs-sans-fil-bavin-ba34-tws-blanc\",\"name\":\"\u00c9couteurs Sans Fil Bavin BA34 TWS Blanc -\",\"isPartOf\":{\"@id\":\"https:\/\/microzed.tn\/#website\"},\"primaryImageOfPage\":{\"@id\":\"https:\/\/microzed.tn\/?product=ecouteurs-sans-fil-bavin-ba34-tws-blanc#primaryimage\"},\"image\":{\"@id\":\"https:\/\/microzed.tn\/?product=ecouteurs-sans-fil-bavin-ba34-tws-blanc#primaryimage\"},\"thumbnailUrl\":\"https:\/\/microzed.tn\/wp-content\/uploads\/2025\/05\/Sans-titre-1.png\",\"datePublished\":\"2025-05-10T12:27:52+00:00\",\"dateModified\":\"2025-05-30T12:50:15+00:00\",\"breadcrumb\":{\"@id\":\"https:\/\/microzed.tn\/?product=ecouteurs-sans-fil-bavin-ba34-tws-blanc#breadcrumb\"},\"inLanguage\":\"fr-FR\",\"potentialAction\":[{\"@type\":\"ReadAction\",\"target\":[\"https:\/\/microzed.tn\/?product=ecouteurs-sans-fil-bavin-ba34-tws-blanc\"]}]},{\"@type\":\"ImageObject\",\"inLanguage\":\"fr-FR\",\"@id\":\"https:\/\/microzed.tn\/?product=ecouteurs-sans-fil-bavin-ba34-tws-blanc#primaryimage\",\"url\":\"https:\/\/microzed.tn\/wp-content\/uploads\/2025\/05\/Sans-titre-1.png\",\"contentUrl\":\"https:\/\/microzed.tn\/wp-content\/uploads\/2025\/05\/Sans-titre-1.png\",\"width\":1080,\"height\":1080},{\"@type\":\"BreadcrumbList\",\"@id\":\"https:\/\/microzed.tn\/?product=ecouteurs-sans-fil-bavin-ba34-tws-blanc#breadcrumb\",\"itemListElement\":[{\"@type\":\"ListItem\",\"position\":1,\"name\":\"Accueil\",\"item\":\"https:\/\/microzed.tn\/\"},{\"@type\":\"ListItem\",\"position\":2,\"name\":\"Products\",\"item\":\"https:\/\/microzed.tn\/?page_id=110\"},{\"@type\":\"ListItem\",\"position\":3,\"name\":\"\u00c9couteurs Sans Fil Bavin BA34 TWS Blanc\"}]},{\"@type\":\"WebSite\",\"@id\":\"https:\/\/microzed.tn\/#website\",\"url\":\"https:\/\/microzed.tn\/\",\"name\":\"\",\"description\":\"\",\"potentialAction\":[{\"@type\":\"SearchAction\",\"target\":{\"@type\":\"EntryPoint\",\"urlTemplate\":\"https:\/\/microzed.tn\/?s={search_term_string}\"},\"query-input\":{\"@type\":\"PropertyValueSpecification\",\"valueRequired\":true,\"valueName\":\"search_term_string\"}}],\"inLanguage\":\"fr-FR\"}]}<\/script>\n<!-- \/ Yoast SEO plugin. -->","yoast_head_json":{"title":"\u00c9couteurs Sans Fil Bavin BA34 TWS Blanc -","robots":{"index":"index","follow":"follow","max-snippet":"max-snippet:-1","max-image-preview":"max-image-preview:large","max-video-preview":"max-video-preview:-1"},"canonical":"https:\/\/microzed.tn\/?product=ecouteurs-sans-fil-bavin-ba34-tws-blanc","og_locale":"fr_FR","og_type":"article","og_title":"\u00c9couteurs Sans Fil Bavin BA34 TWS Blanc -","og_description":"\u00c9couteurs Sans Fil Bavin BA34 TWS, con\u00e7us avec\u00a0Bluetooth V5.0\u00a0pour une connexion sans fil jusqu\u2019\u00e0\u00a010 m. Ils offrent une autonomie de\u00a04 heures\u00a0de musique et se rechargent compl\u00e8tement en\u00a01 heure. Leur bo\u00eetier compact et leur design ergonomique garantissent une \u00e9coute agr\u00e9able et prolong\u00e9e.\u00a0Couleur : Blanc.","og_url":"https:\/\/microzed.tn\/?product=ecouteurs-sans-fil-bavin-ba34-tws-blanc","article_modified_time":"2025-05-30T12:50:15+00:00","og_image":[{"width":1080,"height":1080,"url":"https:\/\/microzed.tn\/wp-content\/uploads\/2025\/05\/Sans-titre-1.png","type":"image\/png"}],"twitter_card":"summary_large_image","schema":{"@context":"https:\/\/schema.org","@graph":[{"@type":"WebPage","@id":"https:\/\/microzed.tn\/?product=ecouteurs-sans-fil-bavin-ba34-tws-blanc","url":"https:\/\/microzed.tn\/?product=ecouteurs-sans-fil-bavin-ba34-tws-blanc","name":"\u00c9couteurs Sans Fil Bavin BA34 TWS Blanc -","isPartOf":{"@id":"https:\/\/microzed.tn\/#website"},"primaryImageOfPage":{"@id":"https:\/\/microzed.tn\/?product=ecouteurs-sans-fil-bavin-ba34-tws-blanc#primaryimage"},"image":{"@id":"https:\/\/microzed.tn\/?product=ecouteurs-sans-fil-bavin-ba34-tws-blanc#primaryimage"},"thumbnailUrl":"https:\/\/microzed.tn\/wp-content\/uploads\/2025\/05\/Sans-titre-1.png","datePublished":"2025-05-10T12:27:52+00:00","dateModified":"2025-05-30T12:50:15+00:00","breadcrumb":{"@id":"https:\/\/microzed.tn\/?product=ecouteurs-sans-fil-bavin-ba34-tws-blanc#breadcrumb"},"inLanguage":"fr-FR","potentialAction":[{"@type":"ReadAction","target":["https:\/\/microzed.tn\/?product=ecouteurs-sans-fil-bavin-ba34-tws-blanc"]}]},{"@type":"ImageObject","inLanguage":"fr-FR","@id":"https:\/\/microzed.tn\/?product=ecouteurs-sans-fil-bavin-ba34-tws-blanc#primaryimage","url":"https:\/\/microzed.tn\/wp-content\/uploads\/2025\/05\/Sans-titre-1.png","contentUrl":"https:\/\/microzed.tn\/wp-content\/uploads\/2025\/05\/Sans-titre-1.png","width":1080,"height":1080},{"@type":"BreadcrumbList","@id":"https:\/\/microzed.tn\/?product=ecouteurs-sans-fil-bavin-ba34-tws-blanc#breadcrumb","itemListElement":[{"@type":"ListItem","position":1,"name":"Accueil","item":"https:\/\/microzed.tn\/"},{"@type":"ListItem","position":2,"name":"Products","item":"https:\/\/microzed.tn\/?page_id=110"},{"@type":"ListItem","position":3,"name":"\u00c9couteurs Sans Fil Bavin BA34 TWS Blanc"}]},{"@type":"WebSite","@id":"https:\/\/microzed.tn\/#website","url":"https:\/\/microzed.tn\/","name":"","description":"","potentialAction":[{"@type":"SearchAction","target":{"@type":"EntryPoint","urlTemplate":"https:\/\/microzed.tn\/?s={search_term_string}"},"query-input":{"@type":"PropertyValueSpecification","valueRequired":true,"valueName":"search_term_string"}}],"inLanguage":"fr-FR"}]}},"jetpack_sharing_enabled":true,"_links":{"self":[{"href":"https:\/\/microzed.tn\/index.php?rest_route=\/wp\/v2\/product\/688","targetHints":{"allow":["GET"]}}],"collection":[{"href":"https:\/\/microzed.tn\/index.php?rest_route=\/wp\/v2\/product"}],"about":[{"href":"https:\/\/microzed.tn\/index.php?rest_route=\/wp\/v2\/types\/product"}],"replies":[{"embeddable":true,"href":"https:\/\/microzed.tn\/index.php?rest_route=%2Fwp%2Fv2%2Fcomments&post=688"}],"wp:featuredmedia":[{"embeddable":true,"href":"https:\/\/microzed.tn\/index.php?rest_route=\/wp\/v2\/media\/689"}],"wp:attachment":[{"href":"https:\/\/microzed.tn\/index.php?rest_route=%2Fwp%2Fv2%2Fmedia&parent=688"}],"wp:term":[{"taxonomy":"product_cat","embeddable":true,"href":"https:\/\/microzed.tn\/index.php?rest_route=%2Fwp%2Fv2%2Fproduct_cat&post=688"},{"taxonomy":"product_tag","embeddable":true,"href":"https:\/\/microzed.tn\/index.php?rest_route=%2Fwp%2Fv2%2Fproduct_tag&post=688"}],"curies":[{"name":"wp","href":"https:\/\/api.w.org\/{rel}","templated":true}]}}