{"id":811,"date":"2025-05-12T11:11:25","date_gmt":"2025-05-12T09:11:25","guid":{"rendered":"https:\/\/microzed.tn\/?post_type=product&#038;p=811"},"modified":"2025-05-30T13:02:47","modified_gmt":"2025-05-30T11:02:47","slug":"chargeur-mural-pc818y","status":"publish","type":"product","link":"https:\/\/microzed.tn\/?product=chargeur-mural-pc818y","title":{"rendered":"Chargeur mural PC818Y"},"content":{"rendered":"<p>Le PC818Y est un chargeur mural haute performance, con\u00e7u pour r\u00e9pondre aux besoins de charge rapide et s\u00e9curis\u00e9e de vos appareils les plus exigeants.<\/p>\n<p>Caract\u00e9ristiques principales :<\/p>\n<p>Puissance de sortie jusqu\u2019\u00e0 30W : id\u00e9al pour smartphones, tablettes, et petits appareils \u00e9lectroniques.<\/p>\n<p>Technologie multi-voltage intelligente :<\/p>\n<p>5V\u23933A<\/p>\n<p>9V\u23933A<\/p>\n<p>15V\u23932A<\/p>\n<p>20V\u23931.5A (max 30W)<\/p>\n<p>Large compatibilit\u00e9 d\u2019entr\u00e9e : AC 100\u2013240V, 50\/60Hz, 0.8A \u2013 parfait pour les voyages internationaux.<\/p>\n<p>Temp\u00e9rature de fonctionnement : de 0\u00b0C \u00e0 70\u00b0C pour une performance stable.<\/p>\n<p>Design compact : format pratique (8 \u00d7 3,1 \u00d7 14,5 cm) et poids l\u00e9ger de 65g.<\/p>\n<p>Couleur : Blanc \u2013 sobre et moderne.<\/p>\n<p>Le PC818Y est la solution id\u00e9ale pour une charge rapide, intelligente et universelle, \u00e0 la maison comme en d\u00e9placement.<\/p>\n","protected":false},"excerpt":{"rendered":"<p>Le PC818Y est un chargeur mural haute performance, con\u00e7u pour r\u00e9pondre aux besoins de charge rapide et s\u00e9curis\u00e9e de vos appareils les plus exigeants.<\/p>\n<p>Caract\u00e9ristiques principales :<\/p>\n<p>Puissance de sortie jusqu\u2019\u00e0 30W : id\u00e9al pour smartphones, tablettes, et petits appareils \u00e9lectroniques.<\/p>\n<p>Technologie multi-voltage intelligente :<\/p>\n<p>5V\u23933A<\/p>\n<p>9V\u23933A<\/p>\n<p>15V\u23932A<\/p>\n<p>20V\u23931.5A (max 30W)<\/p>\n<p>Large compatibilit\u00e9 d\u2019entr\u00e9e : AC 100\u2013240V, 50\/60Hz, 0.8A \u2013 parfait pour les voyages internationaux.<\/p>\n<p>Temp\u00e9rature de fonctionnement : de 0\u00b0C \u00e0 70\u00b0C pour une performance stable.<\/p>\n<p>Design compact : format pratique (8 \u00d7 3,1 \u00d7 14,5 cm) et poids l\u00e9ger de 65g.<\/p>\n<p>Couleur : Blanc \u2013 sobre et moderne.<\/p>\n<p>Le PC818Y est la solution id\u00e9ale pour une charge rapide, intelligente et universelle, \u00e0 la maison comme en d\u00e9placement.<\/p>\n","protected":false},"featured_media":812,"comment_status":"open","ping_status":"closed","template":"","meta":{"site-sidebar-layout":"default","site-content-layout":"","ast-site-content-layout":"default","site-content-style":"default","site-sidebar-style":"default","ast-global-header-display":"","ast-banner-title-visibility":"","ast-main-header-display":"","ast-hfb-above-header-display":"","ast-hfb-below-header-display":"","ast-hfb-mobile-header-display":"","site-post-title":"","ast-breadcrumbs-content":"","ast-featured-img":"","footer-sml-layout":"","theme-transparent-header-meta":"default","adv-header-id-meta":"","stick-header-meta":"","header-above-stick-meta":"","header-main-stick-meta":"","header-below-stick-meta":"","astra-migrate-meta-layouts":"set","ast-page-background-enabled":"default","ast-page-background-meta":{"desktop":{"background-color":"var(--ast-global-color-4)","background-image":"","background-repeat":"repeat","background-position":"center center","background-size":"auto","background-attachment":"scroll","background-type":"","background-media":"","overlay-type":"","overlay-color":"","overlay-gradient":""},"tablet":{"background-color":"","background-image":"","background-repeat":"repeat","background-position":"center center","background-size":"auto","background-attachment":"scroll","background-type":"","background-media":"","overlay-type":"","overlay-color":"","overlay-gradient":""},"mobile":{"background-color":"","background-image":"","background-repeat":"repeat","background-position":"center center","background-size":"auto","background-attachment":"scroll","background-type":"","background-media":"","overlay-type":"","overlay-color":"","overlay-gradient":""}},"ast-content-background-meta":{"desktop":{"background-color":"var(--ast-global-color-5)","background-image":"","background-repeat":"repeat","background-position":"center center","background-size":"auto","background-attachment":"scroll","background-type":"","background-media":"","overlay-type":"","overlay-color":"","overlay-gradient":""},"tablet":{"background-color":"var(--ast-global-color-5)","background-image":"","background-repeat":"repeat","background-position":"center center","background-size":"auto","background-attachment":"scroll","background-type":"","background-media":"","overlay-type":"","overlay-color":"","overlay-gradient":""},"mobile":{"background-color":"var(--ast-global-color-5)","background-image":"","background-repeat":"repeat","background-position":"center center","background-size":"auto","background-attachment":"scroll","background-type":"","background-media":"","overlay-type":"","overlay-color":"","overlay-gradient":""}}},"product_cat":[29,49],"product_tag":[],"class_list":{"0":"post-811","1":"product","2":"type-product","3":"status-publish","4":"has-post-thumbnail","6":"product_cat-cables-adaptateurs","7":"product_cat-chargeur","8":"desktop-align-left","9":"tablet-align-left","10":"mobile-align-left","12":"first","13":"instock","14":"sale","15":"shipping-taxable","16":"purchasable","17":"product-type-simple"},"yoast_head":"<!-- This site is optimized with the Yoast SEO plugin v25.5 - https:\/\/yoast.com\/wordpress\/plugins\/seo\/ -->\n<title>Chargeur mural PC818Y -<\/title>\n<meta name=\"robots\" content=\"index, follow, max-snippet:-1, max-image-preview:large, max-video-preview:-1\" \/>\n<link rel=\"canonical\" href=\"https:\/\/microzed.tn\/?product=chargeur-mural-pc818y\" \/>\n<meta property=\"og:locale\" content=\"fr_FR\" \/>\n<meta property=\"og:type\" content=\"article\" \/>\n<meta property=\"og:title\" content=\"Chargeur mural PC818Y -\" \/>\n<meta property=\"og:description\" content=\"Le PC818Y est un chargeur mural haute performance, con\u00e7u pour r\u00e9pondre aux besoins de charge rapide et s\u00e9curis\u00e9e de vos appareils les plus exigeants.  Caract\u00e9ristiques principales :  Puissance de sortie jusqu\u2019\u00e0 30W : id\u00e9al pour smartphones, tablettes, et petits appareils \u00e9lectroniques.  Technologie multi-voltage intelligente :  5V\u23933A  9V\u23933A  15V\u23932A  20V\u23931.5A (max 30W)  Large compatibilit\u00e9 d\u2019entr\u00e9e : AC 100\u2013240V, 50\/60Hz, 0.8A \u2013 parfait pour les voyages internationaux.  Temp\u00e9rature de fonctionnement : de 0\u00b0C \u00e0 70\u00b0C pour une performance stable.  Design compact : format pratique (8 \u00d7 3,1 \u00d7 14,5 cm) et poids l\u00e9ger de 65g.  Couleur : Blanc \u2013 sobre et moderne.  Le PC818Y est la solution id\u00e9ale pour une charge rapide, intelligente et universelle, \u00e0 la maison comme en d\u00e9placement.\" \/>\n<meta property=\"og:url\" content=\"https:\/\/microzed.tn\/?product=chargeur-mural-pc818y\" \/>\n<meta property=\"article:modified_time\" content=\"2025-05-30T11:02:47+00:00\" \/>\n<meta property=\"og:image\" content=\"https:\/\/microzed.tn\/wp-content\/uploads\/2025\/05\/PC818Y-_-6.jpg\" \/>\n\t<meta property=\"og:image:width\" content=\"720\" \/>\n\t<meta property=\"og:image:height\" content=\"720\" \/>\n\t<meta property=\"og:image:type\" content=\"image\/jpeg\" \/>\n<meta name=\"twitter:card\" content=\"summary_large_image\" \/>\n<meta name=\"twitter:label1\" content=\"Dur\u00e9e de lecture estim\u00e9e\" \/>\n\t<meta name=\"twitter:data1\" content=\"1 minute\" \/>\n<script type=\"application\/ld+json\" class=\"yoast-schema-graph\">{\"@context\":\"https:\/\/schema.org\",\"@graph\":[{\"@type\":\"WebPage\",\"@id\":\"https:\/\/microzed.tn\/?product=chargeur-mural-pc818y\",\"url\":\"https:\/\/microzed.tn\/?product=chargeur-mural-pc818y\",\"name\":\"Chargeur mural PC818Y -\",\"isPartOf\":{\"@id\":\"https:\/\/microzed.tn\/#website\"},\"primaryImageOfPage\":{\"@id\":\"https:\/\/microzed.tn\/?product=chargeur-mural-pc818y#primaryimage\"},\"image\":{\"@id\":\"https:\/\/microzed.tn\/?product=chargeur-mural-pc818y#primaryimage\"},\"thumbnailUrl\":\"https:\/\/microzed.tn\/wp-content\/uploads\/2025\/05\/PC818Y-_-6.jpg\",\"datePublished\":\"2025-05-12T09:11:25+00:00\",\"dateModified\":\"2025-05-30T11:02:47+00:00\",\"breadcrumb\":{\"@id\":\"https:\/\/microzed.tn\/?product=chargeur-mural-pc818y#breadcrumb\"},\"inLanguage\":\"fr-FR\",\"potentialAction\":[{\"@type\":\"ReadAction\",\"target\":[\"https:\/\/microzed.tn\/?product=chargeur-mural-pc818y\"]}]},{\"@type\":\"ImageObject\",\"inLanguage\":\"fr-FR\",\"@id\":\"https:\/\/microzed.tn\/?product=chargeur-mural-pc818y#primaryimage\",\"url\":\"https:\/\/microzed.tn\/wp-content\/uploads\/2025\/05\/PC818Y-_-6.jpg\",\"contentUrl\":\"https:\/\/microzed.tn\/wp-content\/uploads\/2025\/05\/PC818Y-_-6.jpg\",\"width\":720,\"height\":720},{\"@type\":\"BreadcrumbList\",\"@id\":\"https:\/\/microzed.tn\/?product=chargeur-mural-pc818y#breadcrumb\",\"itemListElement\":[{\"@type\":\"ListItem\",\"position\":1,\"name\":\"Accueil\",\"item\":\"https:\/\/microzed.tn\/\"},{\"@type\":\"ListItem\",\"position\":2,\"name\":\"Products\",\"item\":\"https:\/\/microzed.tn\/?page_id=110\"},{\"@type\":\"ListItem\",\"position\":3,\"name\":\"Chargeur mural PC818Y\"}]},{\"@type\":\"WebSite\",\"@id\":\"https:\/\/microzed.tn\/#website\",\"url\":\"https:\/\/microzed.tn\/\",\"name\":\"\",\"description\":\"\",\"potentialAction\":[{\"@type\":\"SearchAction\",\"target\":{\"@type\":\"EntryPoint\",\"urlTemplate\":\"https:\/\/microzed.tn\/?s={search_term_string}\"},\"query-input\":{\"@type\":\"PropertyValueSpecification\",\"valueRequired\":true,\"valueName\":\"search_term_string\"}}],\"inLanguage\":\"fr-FR\"}]}<\/script>\n<!-- \/ Yoast SEO plugin. -->","yoast_head_json":{"title":"Chargeur mural PC818Y -","robots":{"index":"index","follow":"follow","max-snippet":"max-snippet:-1","max-image-preview":"max-image-preview:large","max-video-preview":"max-video-preview:-1"},"canonical":"https:\/\/microzed.tn\/?product=chargeur-mural-pc818y","og_locale":"fr_FR","og_type":"article","og_title":"Chargeur mural PC818Y -","og_description":"Le PC818Y est un chargeur mural haute performance, con\u00e7u pour r\u00e9pondre aux besoins de charge rapide et s\u00e9curis\u00e9e de vos appareils les plus exigeants.  Caract\u00e9ristiques principales :  Puissance de sortie jusqu\u2019\u00e0 30W : id\u00e9al pour smartphones, tablettes, et petits appareils \u00e9lectroniques.  Technologie multi-voltage intelligente :  5V\u23933A  9V\u23933A  15V\u23932A  20V\u23931.5A (max 30W)  Large compatibilit\u00e9 d\u2019entr\u00e9e : AC 100\u2013240V, 50\/60Hz, 0.8A \u2013 parfait pour les voyages internationaux.  Temp\u00e9rature de fonctionnement : de 0\u00b0C \u00e0 70\u00b0C pour une performance stable.  Design compact : format pratique (8 \u00d7 3,1 \u00d7 14,5 cm) et poids l\u00e9ger de 65g.  Couleur : Blanc \u2013 sobre et moderne.  Le PC818Y est la solution id\u00e9ale pour une charge rapide, intelligente et universelle, \u00e0 la maison comme en d\u00e9placement.","og_url":"https:\/\/microzed.tn\/?product=chargeur-mural-pc818y","article_modified_time":"2025-05-30T11:02:47+00:00","og_image":[{"width":720,"height":720,"url":"https:\/\/microzed.tn\/wp-content\/uploads\/2025\/05\/PC818Y-_-6.jpg","type":"image\/jpeg"}],"twitter_card":"summary_large_image","twitter_misc":{"Dur\u00e9e de lecture estim\u00e9e":"1 minute"},"schema":{"@context":"https:\/\/schema.org","@graph":[{"@type":"WebPage","@id":"https:\/\/microzed.tn\/?product=chargeur-mural-pc818y","url":"https:\/\/microzed.tn\/?product=chargeur-mural-pc818y","name":"Chargeur mural PC818Y -","isPartOf":{"@id":"https:\/\/microzed.tn\/#website"},"primaryImageOfPage":{"@id":"https:\/\/microzed.tn\/?product=chargeur-mural-pc818y#primaryimage"},"image":{"@id":"https:\/\/microzed.tn\/?product=chargeur-mural-pc818y#primaryimage"},"thumbnailUrl":"https:\/\/microzed.tn\/wp-content\/uploads\/2025\/05\/PC818Y-_-6.jpg","datePublished":"2025-05-12T09:11:25+00:00","dateModified":"2025-05-30T11:02:47+00:00","breadcrumb":{"@id":"https:\/\/microzed.tn\/?product=chargeur-mural-pc818y#breadcrumb"},"inLanguage":"fr-FR","potentialAction":[{"@type":"ReadAction","target":["https:\/\/microzed.tn\/?product=chargeur-mural-pc818y"]}]},{"@type":"ImageObject","inLanguage":"fr-FR","@id":"https:\/\/microzed.tn\/?product=chargeur-mural-pc818y#primaryimage","url":"https:\/\/microzed.tn\/wp-content\/uploads\/2025\/05\/PC818Y-_-6.jpg","contentUrl":"https:\/\/microzed.tn\/wp-content\/uploads\/2025\/05\/PC818Y-_-6.jpg","width":720,"height":720},{"@type":"BreadcrumbList","@id":"https:\/\/microzed.tn\/?product=chargeur-mural-pc818y#breadcrumb","itemListElement":[{"@type":"ListItem","position":1,"name":"Accueil","item":"https:\/\/microzed.tn\/"},{"@type":"ListItem","position":2,"name":"Products","item":"https:\/\/microzed.tn\/?page_id=110"},{"@type":"ListItem","position":3,"name":"Chargeur mural PC818Y"}]},{"@type":"WebSite","@id":"https:\/\/microzed.tn\/#website","url":"https:\/\/microzed.tn\/","name":"","description":"","potentialAction":[{"@type":"SearchAction","target":{"@type":"EntryPoint","urlTemplate":"https:\/\/microzed.tn\/?s={search_term_string}"},"query-input":{"@type":"PropertyValueSpecification","valueRequired":true,"valueName":"search_term_string"}}],"inLanguage":"fr-FR"}]}},"jetpack_sharing_enabled":true,"_links":{"self":[{"href":"https:\/\/microzed.tn\/index.php?rest_route=\/wp\/v2\/product\/811","targetHints":{"allow":["GET"]}}],"collection":[{"href":"https:\/\/microzed.tn\/index.php?rest_route=\/wp\/v2\/product"}],"about":[{"href":"https:\/\/microzed.tn\/index.php?rest_route=\/wp\/v2\/types\/product"}],"replies":[{"embeddable":true,"href":"https:\/\/microzed.tn\/index.php?rest_route=%2Fwp%2Fv2%2Fcomments&post=811"}],"wp:featuredmedia":[{"embeddable":true,"href":"https:\/\/microzed.tn\/index.php?rest_route=\/wp\/v2\/media\/812"}],"wp:attachment":[{"href":"https:\/\/microzed.tn\/index.php?rest_route=%2Fwp%2Fv2%2Fmedia&parent=811"}],"wp:term":[{"taxonomy":"product_cat","embeddable":true,"href":"https:\/\/microzed.tn\/index.php?rest_route=%2Fwp%2Fv2%2Fproduct_cat&post=811"},{"taxonomy":"product_tag","embeddable":true,"href":"https:\/\/microzed.tn\/index.php?rest_route=%2Fwp%2Fv2%2Fproduct_tag&post=811"}],"curies":[{"name":"wp","href":"https:\/\/api.w.org\/{rel}","templated":true}]}}