{"id":844,"date":"2025-05-12T12:18:46","date_gmt":"2025-05-12T10:18:46","guid":{"rendered":"https:\/\/microzed.tn\/?post_type=product&#038;p=844"},"modified":"2025-05-19T11:46:31","modified_gmt":"2025-05-19T09:46:31","slug":"chargeur-mural-pc336y-20w","status":"publish","type":"product","link":"https:\/\/microzed.tn\/?product=chargeur-mural-pc336y-20w","title":{"rendered":"Chargeur mural PC336Y 20W"},"content":{"rendered":"<p>Le PC336Y est un chargeur mural compact et puissant, \u00e9quip\u00e9 de deux ports (USB + Type-C) et des technologies Quick Charge 3.0 et Power Delivery 20W. Il garantit une recharge rapide, s\u00fbre et efficace pour une grande vari\u00e9t\u00e9 d&rsquo;appareils.<\/p>\n<p>Caract\u00e9ristiques techniques :<\/p>\n<p>Puissance de sortie totale : 20W<\/p>\n<p>Port Type-C (PD 20W) :<\/p>\n<p>5V \u2393 3A<\/p>\n<p>9V \u2393 2.25A<\/p>\n<p>12V \u2393 1.66A<\/p>\n<p>Port USB (QC3.0) :<\/p>\n<p>4.5V \u2393 3.4A<\/p>\n<p>5V \u2393 3.4A<\/p>\n<p>9V \u2393 2A<\/p>\n<p>12V \u2393 1.5A<\/p>\n<p>Double sortie : USB + Type-C : permet de charger deux appareils simultan\u00e9ment avec performance.<\/p>\n<p>Entr\u00e9e : AC 220V, 50\u201360Hz, 0.6A \u2013 compatible avec les prises standards.<\/p>\n","protected":false},"excerpt":{"rendered":"<p>Le PC336Y est un chargeur mural compact et puissant, \u00e9quip\u00e9 de deux ports (USB + Type-C) et des technologies Quick Charge 3.0 et Power Delivery 20W. Il garantit une recharge rapide, s\u00fbre et efficace pour une grande vari\u00e9t\u00e9 d&rsquo;appareils.<\/p>\n<p>Caract\u00e9ristiques techniques :<\/p>\n<p>Puissance de sortie totale : 20W<\/p>\n<p>Port Type-C (PD 20W) :<\/p>\n<p>5V \u2393 3A<\/p>\n<p>9V \u2393 2.25A<\/p>\n<p>12V \u2393 1.66A<\/p>\n<p>Port USB (QC3.0) :<\/p>\n<p>4.5V \u2393 3.4A<\/p>\n<p>5V \u2393 3.4A<\/p>\n<p>9V \u2393 2A<\/p>\n<p>12V \u2393 1.5A<\/p>\n<p>Double sortie : USB + Type-C : permet de charger deux appareils simultan\u00e9ment avec performance.<\/p>\n<p>Entr\u00e9e : AC 220V, 50\u201360Hz, 0.6A \u2013 compatible avec les prises standards.<\/p>\n","protected":false},"featured_media":845,"comment_status":"open","ping_status":"closed","template":"","meta":{"site-sidebar-layout":"default","site-content-layout":"","ast-site-content-layout":"default","site-content-style":"default","site-sidebar-style":"default","ast-global-header-display":"","ast-banner-title-visibility":"","ast-main-header-display":"","ast-hfb-above-header-display":"","ast-hfb-below-header-display":"","ast-hfb-mobile-header-display":"","site-post-title":"","ast-breadcrumbs-content":"","ast-featured-img":"","footer-sml-layout":"","theme-transparent-header-meta":"default","adv-header-id-meta":"","stick-header-meta":"","header-above-stick-meta":"","header-main-stick-meta":"","header-below-stick-meta":"","astra-migrate-meta-layouts":"set","ast-page-background-enabled":"default","ast-page-background-meta":{"desktop":{"background-color":"var(--ast-global-color-4)","background-image":"","background-repeat":"repeat","background-position":"center center","background-size":"auto","background-attachment":"scroll","background-type":"","background-media":"","overlay-type":"","overlay-color":"","overlay-gradient":""},"tablet":{"background-color":"","background-image":"","background-repeat":"repeat","background-position":"center center","background-size":"auto","background-attachment":"scroll","background-type":"","background-media":"","overlay-type":"","overlay-color":"","overlay-gradient":""},"mobile":{"background-color":"","background-image":"","background-repeat":"repeat","background-position":"center center","background-size":"auto","background-attachment":"scroll","background-type":"","background-media":"","overlay-type":"","overlay-color":"","overlay-gradient":""}},"ast-content-background-meta":{"desktop":{"background-color":"var(--ast-global-color-5)","background-image":"","background-repeat":"repeat","background-position":"center center","background-size":"auto","background-attachment":"scroll","background-type":"","background-media":"","overlay-type":"","overlay-color":"","overlay-gradient":""},"tablet":{"background-color":"var(--ast-global-color-5)","background-image":"","background-repeat":"repeat","background-position":"center center","background-size":"auto","background-attachment":"scroll","background-type":"","background-media":"","overlay-type":"","overlay-color":"","overlay-gradient":""},"mobile":{"background-color":"var(--ast-global-color-5)","background-image":"","background-repeat":"repeat","background-position":"center center","background-size":"auto","background-attachment":"scroll","background-type":"","background-media":"","overlay-type":"","overlay-color":"","overlay-gradient":""}}},"product_cat":[29,49],"product_tag":[],"class_list":{"0":"post-844","1":"product","2":"type-product","3":"status-publish","4":"has-post-thumbnail","6":"product_cat-cables-adaptateurs","7":"product_cat-chargeur","8":"desktop-align-left","9":"tablet-align-left","10":"mobile-align-left","12":"first","13":"instock","14":"sale","15":"shipping-taxable","16":"purchasable","17":"product-type-simple"},"yoast_head":"<!-- This site is optimized with the Yoast SEO plugin v25.5 - https:\/\/yoast.com\/wordpress\/plugins\/seo\/ -->\n<title>Chargeur mural PC336Y 20W -<\/title>\n<meta name=\"robots\" content=\"index, follow, max-snippet:-1, max-image-preview:large, max-video-preview:-1\" \/>\n<link rel=\"canonical\" href=\"https:\/\/microzed.tn\/?product=chargeur-mural-pc336y-20w\" \/>\n<meta property=\"og:locale\" content=\"fr_FR\" \/>\n<meta property=\"og:type\" content=\"article\" \/>\n<meta property=\"og:title\" content=\"Chargeur mural PC336Y 20W -\" \/>\n<meta property=\"og:description\" content=\"Le PC336Y est un chargeur mural compact et puissant, \u00e9quip\u00e9 de deux ports (USB + Type-C) et des technologies Quick Charge 3.0 et Power Delivery 20W. Il garantit une recharge rapide, s\u00fbre et efficace pour une grande vari\u00e9t\u00e9 d&#039;appareils.  Caract\u00e9ristiques techniques :  Puissance de sortie totale : 20W  Port Type-C (PD 20W) :  5V \u2393 3A  9V \u2393 2.25A  12V \u2393 1.66A  Port USB (QC3.0) :  4.5V \u2393 3.4A  5V \u2393 3.4A  9V \u2393 2A  12V \u2393 1.5A  Double sortie : USB + Type-C : permet de charger deux appareils simultan\u00e9ment avec performance.  Entr\u00e9e : AC 220V, 50\u201360Hz, 0.6A \u2013 compatible avec les prises standards.\" \/>\n<meta property=\"og:url\" content=\"https:\/\/microzed.tn\/?product=chargeur-mural-pc336y-20w\" \/>\n<meta property=\"article:modified_time\" content=\"2025-05-19T09:46:31+00:00\" \/>\n<meta property=\"og:image\" content=\"https:\/\/microzed.tn\/wp-content\/uploads\/2025\/05\/pc336y.jpg\" \/>\n\t<meta property=\"og:image:width\" content=\"308\" \/>\n\t<meta property=\"og:image:height\" content=\"310\" \/>\n\t<meta property=\"og:image:type\" content=\"image\/jpeg\" \/>\n<meta name=\"twitter:card\" content=\"summary_large_image\" \/>\n<script type=\"application\/ld+json\" class=\"yoast-schema-graph\">{\"@context\":\"https:\/\/schema.org\",\"@graph\":[{\"@type\":\"WebPage\",\"@id\":\"https:\/\/microzed.tn\/?product=chargeur-mural-pc336y-20w\",\"url\":\"https:\/\/microzed.tn\/?product=chargeur-mural-pc336y-20w\",\"name\":\"Chargeur mural PC336Y 20W -\",\"isPartOf\":{\"@id\":\"https:\/\/microzed.tn\/#website\"},\"primaryImageOfPage\":{\"@id\":\"https:\/\/microzed.tn\/?product=chargeur-mural-pc336y-20w#primaryimage\"},\"image\":{\"@id\":\"https:\/\/microzed.tn\/?product=chargeur-mural-pc336y-20w#primaryimage\"},\"thumbnailUrl\":\"https:\/\/microzed.tn\/wp-content\/uploads\/2025\/05\/pc336y.jpg\",\"datePublished\":\"2025-05-12T10:18:46+00:00\",\"dateModified\":\"2025-05-19T09:46:31+00:00\",\"breadcrumb\":{\"@id\":\"https:\/\/microzed.tn\/?product=chargeur-mural-pc336y-20w#breadcrumb\"},\"inLanguage\":\"fr-FR\",\"potentialAction\":[{\"@type\":\"ReadAction\",\"target\":[\"https:\/\/microzed.tn\/?product=chargeur-mural-pc336y-20w\"]}]},{\"@type\":\"ImageObject\",\"inLanguage\":\"fr-FR\",\"@id\":\"https:\/\/microzed.tn\/?product=chargeur-mural-pc336y-20w#primaryimage\",\"url\":\"https:\/\/microzed.tn\/wp-content\/uploads\/2025\/05\/pc336y.jpg\",\"contentUrl\":\"https:\/\/microzed.tn\/wp-content\/uploads\/2025\/05\/pc336y.jpg\",\"width\":308,\"height\":310},{\"@type\":\"BreadcrumbList\",\"@id\":\"https:\/\/microzed.tn\/?product=chargeur-mural-pc336y-20w#breadcrumb\",\"itemListElement\":[{\"@type\":\"ListItem\",\"position\":1,\"name\":\"Accueil\",\"item\":\"https:\/\/microzed.tn\/\"},{\"@type\":\"ListItem\",\"position\":2,\"name\":\"Products\",\"item\":\"https:\/\/microzed.tn\/?page_id=110\"},{\"@type\":\"ListItem\",\"position\":3,\"name\":\"Chargeur mural PC336Y 20W\"}]},{\"@type\":\"WebSite\",\"@id\":\"https:\/\/microzed.tn\/#website\",\"url\":\"https:\/\/microzed.tn\/\",\"name\":\"\",\"description\":\"\",\"potentialAction\":[{\"@type\":\"SearchAction\",\"target\":{\"@type\":\"EntryPoint\",\"urlTemplate\":\"https:\/\/microzed.tn\/?s={search_term_string}\"},\"query-input\":{\"@type\":\"PropertyValueSpecification\",\"valueRequired\":true,\"valueName\":\"search_term_string\"}}],\"inLanguage\":\"fr-FR\"}]}<\/script>\n<!-- \/ Yoast SEO plugin. -->","yoast_head_json":{"title":"Chargeur mural PC336Y 20W -","robots":{"index":"index","follow":"follow","max-snippet":"max-snippet:-1","max-image-preview":"max-image-preview:large","max-video-preview":"max-video-preview:-1"},"canonical":"https:\/\/microzed.tn\/?product=chargeur-mural-pc336y-20w","og_locale":"fr_FR","og_type":"article","og_title":"Chargeur mural PC336Y 20W -","og_description":"Le PC336Y est un chargeur mural compact et puissant, \u00e9quip\u00e9 de deux ports (USB + Type-C) et des technologies Quick Charge 3.0 et Power Delivery 20W. Il garantit une recharge rapide, s\u00fbre et efficace pour une grande vari\u00e9t\u00e9 d'appareils.  Caract\u00e9ristiques techniques :  Puissance de sortie totale : 20W  Port Type-C (PD 20W) :  5V \u2393 3A  9V \u2393 2.25A  12V \u2393 1.66A  Port USB (QC3.0) :  4.5V \u2393 3.4A  5V \u2393 3.4A  9V \u2393 2A  12V \u2393 1.5A  Double sortie : USB + Type-C : permet de charger deux appareils simultan\u00e9ment avec performance.  Entr\u00e9e : AC 220V, 50\u201360Hz, 0.6A \u2013 compatible avec les prises standards.","og_url":"https:\/\/microzed.tn\/?product=chargeur-mural-pc336y-20w","article_modified_time":"2025-05-19T09:46:31+00:00","og_image":[{"width":308,"height":310,"url":"https:\/\/microzed.tn\/wp-content\/uploads\/2025\/05\/pc336y.jpg","type":"image\/jpeg"}],"twitter_card":"summary_large_image","schema":{"@context":"https:\/\/schema.org","@graph":[{"@type":"WebPage","@id":"https:\/\/microzed.tn\/?product=chargeur-mural-pc336y-20w","url":"https:\/\/microzed.tn\/?product=chargeur-mural-pc336y-20w","name":"Chargeur mural PC336Y 20W -","isPartOf":{"@id":"https:\/\/microzed.tn\/#website"},"primaryImageOfPage":{"@id":"https:\/\/microzed.tn\/?product=chargeur-mural-pc336y-20w#primaryimage"},"image":{"@id":"https:\/\/microzed.tn\/?product=chargeur-mural-pc336y-20w#primaryimage"},"thumbnailUrl":"https:\/\/microzed.tn\/wp-content\/uploads\/2025\/05\/pc336y.jpg","datePublished":"2025-05-12T10:18:46+00:00","dateModified":"2025-05-19T09:46:31+00:00","breadcrumb":{"@id":"https:\/\/microzed.tn\/?product=chargeur-mural-pc336y-20w#breadcrumb"},"inLanguage":"fr-FR","potentialAction":[{"@type":"ReadAction","target":["https:\/\/microzed.tn\/?product=chargeur-mural-pc336y-20w"]}]},{"@type":"ImageObject","inLanguage":"fr-FR","@id":"https:\/\/microzed.tn\/?product=chargeur-mural-pc336y-20w#primaryimage","url":"https:\/\/microzed.tn\/wp-content\/uploads\/2025\/05\/pc336y.jpg","contentUrl":"https:\/\/microzed.tn\/wp-content\/uploads\/2025\/05\/pc336y.jpg","width":308,"height":310},{"@type":"BreadcrumbList","@id":"https:\/\/microzed.tn\/?product=chargeur-mural-pc336y-20w#breadcrumb","itemListElement":[{"@type":"ListItem","position":1,"name":"Accueil","item":"https:\/\/microzed.tn\/"},{"@type":"ListItem","position":2,"name":"Products","item":"https:\/\/microzed.tn\/?page_id=110"},{"@type":"ListItem","position":3,"name":"Chargeur mural PC336Y 20W"}]},{"@type":"WebSite","@id":"https:\/\/microzed.tn\/#website","url":"https:\/\/microzed.tn\/","name":"","description":"","potentialAction":[{"@type":"SearchAction","target":{"@type":"EntryPoint","urlTemplate":"https:\/\/microzed.tn\/?s={search_term_string}"},"query-input":{"@type":"PropertyValueSpecification","valueRequired":true,"valueName":"search_term_string"}}],"inLanguage":"fr-FR"}]}},"jetpack_sharing_enabled":true,"_links":{"self":[{"href":"https:\/\/microzed.tn\/index.php?rest_route=\/wp\/v2\/product\/844","targetHints":{"allow":["GET"]}}],"collection":[{"href":"https:\/\/microzed.tn\/index.php?rest_route=\/wp\/v2\/product"}],"about":[{"href":"https:\/\/microzed.tn\/index.php?rest_route=\/wp\/v2\/types\/product"}],"replies":[{"embeddable":true,"href":"https:\/\/microzed.tn\/index.php?rest_route=%2Fwp%2Fv2%2Fcomments&post=844"}],"wp:featuredmedia":[{"embeddable":true,"href":"https:\/\/microzed.tn\/index.php?rest_route=\/wp\/v2\/media\/845"}],"wp:attachment":[{"href":"https:\/\/microzed.tn\/index.php?rest_route=%2Fwp%2Fv2%2Fmedia&parent=844"}],"wp:term":[{"taxonomy":"product_cat","embeddable":true,"href":"https:\/\/microzed.tn\/index.php?rest_route=%2Fwp%2Fv2%2Fproduct_cat&post=844"},{"taxonomy":"product_tag","embeddable":true,"href":"https:\/\/microzed.tn\/index.php?rest_route=%2Fwp%2Fv2%2Fproduct_tag&post=844"}],"curies":[{"name":"wp","href":"https:\/\/api.w.org\/{rel}","templated":true}]}}