{"id":856,"date":"2025-05-12T12:44:49","date_gmt":"2025-05-12T10:44:49","guid":{"rendered":"https:\/\/microzed.tn\/?post_type=product&#038;p=856"},"modified":"2025-05-19T11:48:13","modified_gmt":"2025-05-19T09:48:13","slug":"chargeur-mural-pc870y","status":"publish","type":"product","link":"https:\/\/microzed.tn\/?product=chargeur-mural-pc870y","title":{"rendered":"Chargeur mural PC870Y"},"content":{"rendered":"<p>Le PC870Y est un chargeur mural nouvelle g\u00e9n\u00e9ration, con\u00e7u selon les normes am\u00e9ricaines et europ\u00e9ennes, avec un design transparent qui refl\u00e8te un style moderne et une finition soign\u00e9e. Il allie esth\u00e9tique technologique et performances de charge avanc\u00e9es, id\u00e9al pour les utilisateurs exigeants.<\/p>\n<p>Caract\u00e9ristiques principales :<\/p>\n<p>Puissance totale : 36W<\/p>\n<p>Double port Type-C :<\/p>\n<p>Charge rapide jusqu\u2019\u00e0 36W sur un seul port.<\/p>\n<p>En charge simultan\u00e9e : 18W par port, pour une distribution intelligente de l\u2019\u00e9nergie.<\/p>\n<p>Compatibilit\u00e9 universelle : gr\u00e2ce au support multi-protocole pour une large gamme d&rsquo;appareils (smartphones, tablettes, \u00e9couteurs, etc.).<\/p>\n<p>Design transparent innovant : offre une visibilit\u00e9 \u00e9l\u00e9gante des composants internes, accentuant le c\u00f4t\u00e9 technologique du produit.<\/p>\n<p>Normes internationales : conforme aux standards de s\u00e9curit\u00e9 et de performance US &amp; EU.<\/p>\n","protected":false},"excerpt":{"rendered":"<p>Le PC870Y est un chargeur mural nouvelle g\u00e9n\u00e9ration, con\u00e7u selon les normes am\u00e9ricaines et europ\u00e9ennes, avec un design transparent qui refl\u00e8te un style moderne et une finition soign\u00e9e. Il allie esth\u00e9tique technologique et performances de charge avanc\u00e9es, id\u00e9al pour les utilisateurs exigeants.<\/p>\n<p>Caract\u00e9ristiques principales :<\/p>\n<p>Puissance totale : 36W<\/p>\n<p>Double port Type-C :<\/p>\n<p>Charge rapide jusqu\u2019\u00e0 36W sur un seul port.<\/p>\n<p>En charge simultan\u00e9e : 18W par port, pour une distribution intelligente de l\u2019\u00e9nergie.<\/p>\n<p>Compatibilit\u00e9 universelle : gr\u00e2ce au support multi-protocole pour une large gamme d&rsquo;appareils (smartphones, tablettes, \u00e9couteurs, etc.).<\/p>\n<p>Design transparent innovant : offre une visibilit\u00e9 \u00e9l\u00e9gante des composants internes, accentuant le c\u00f4t\u00e9 technologique du produit.<\/p>\n<p>Normes internationales : conforme aux standards de s\u00e9curit\u00e9 et de performance US &amp; EU.<\/p>\n","protected":false},"featured_media":857,"comment_status":"open","ping_status":"closed","template":"","meta":{"site-sidebar-layout":"default","site-content-layout":"","ast-site-content-layout":"default","site-content-style":"default","site-sidebar-style":"default","ast-global-header-display":"","ast-banner-title-visibility":"","ast-main-header-display":"","ast-hfb-above-header-display":"","ast-hfb-below-header-display":"","ast-hfb-mobile-header-display":"","site-post-title":"","ast-breadcrumbs-content":"","ast-featured-img":"","footer-sml-layout":"","theme-transparent-header-meta":"default","adv-header-id-meta":"","stick-header-meta":"","header-above-stick-meta":"","header-main-stick-meta":"","header-below-stick-meta":"","astra-migrate-meta-layouts":"set","ast-page-background-enabled":"default","ast-page-background-meta":{"desktop":{"background-color":"var(--ast-global-color-4)","background-image":"","background-repeat":"repeat","background-position":"center center","background-size":"auto","background-attachment":"scroll","background-type":"","background-media":"","overlay-type":"","overlay-color":"","overlay-gradient":""},"tablet":{"background-color":"","background-image":"","background-repeat":"repeat","background-position":"center center","background-size":"auto","background-attachment":"scroll","background-type":"","background-media":"","overlay-type":"","overlay-color":"","overlay-gradient":""},"mobile":{"background-color":"","background-image":"","background-repeat":"repeat","background-position":"center center","background-size":"auto","background-attachment":"scroll","background-type":"","background-media":"","overlay-type":"","overlay-color":"","overlay-gradient":""}},"ast-content-background-meta":{"desktop":{"background-color":"var(--ast-global-color-5)","background-image":"","background-repeat":"repeat","background-position":"center center","background-size":"auto","background-attachment":"scroll","background-type":"","background-media":"","overlay-type":"","overlay-color":"","overlay-gradient":""},"tablet":{"background-color":"var(--ast-global-color-5)","background-image":"","background-repeat":"repeat","background-position":"center center","background-size":"auto","background-attachment":"scroll","background-type":"","background-media":"","overlay-type":"","overlay-color":"","overlay-gradient":""},"mobile":{"background-color":"var(--ast-global-color-5)","background-image":"","background-repeat":"repeat","background-position":"center center","background-size":"auto","background-attachment":"scroll","background-type":"","background-media":"","overlay-type":"","overlay-color":"","overlay-gradient":""}}},"product_cat":[29,49],"product_tag":[],"class_list":{"0":"post-856","1":"product","2":"type-product","3":"status-publish","4":"has-post-thumbnail","6":"product_cat-cables-adaptateurs","7":"product_cat-chargeur","8":"desktop-align-left","9":"tablet-align-left","10":"mobile-align-left","12":"first","13":"instock","14":"sale","15":"shipping-taxable","16":"purchasable","17":"product-type-simple"},"yoast_head":"<!-- This site is optimized with the Yoast SEO plugin v25.5 - https:\/\/yoast.com\/wordpress\/plugins\/seo\/ -->\n<title>Chargeur mural PC870Y -<\/title>\n<meta name=\"robots\" content=\"index, follow, max-snippet:-1, max-image-preview:large, max-video-preview:-1\" \/>\n<link rel=\"canonical\" href=\"https:\/\/microzed.tn\/?product=chargeur-mural-pc870y\" \/>\n<meta property=\"og:locale\" content=\"fr_FR\" \/>\n<meta property=\"og:type\" content=\"article\" \/>\n<meta property=\"og:title\" content=\"Chargeur mural PC870Y -\" \/>\n<meta property=\"og:description\" content=\"Le PC870Y est un chargeur mural nouvelle g\u00e9n\u00e9ration, con\u00e7u selon les normes am\u00e9ricaines et europ\u00e9ennes, avec un design transparent qui refl\u00e8te un style moderne et une finition soign\u00e9e. Il allie esth\u00e9tique technologique et performances de charge avanc\u00e9es, id\u00e9al pour les utilisateurs exigeants.  Caract\u00e9ristiques principales :  Puissance totale : 36W  Double port Type-C :  Charge rapide jusqu\u2019\u00e0 36W sur un seul port.  En charge simultan\u00e9e : 18W par port, pour une distribution intelligente de l\u2019\u00e9nergie.  Compatibilit\u00e9 universelle : gr\u00e2ce au support multi-protocole pour une large gamme d&#039;appareils (smartphones, tablettes, \u00e9couteurs, etc.).  Design transparent innovant : offre une visibilit\u00e9 \u00e9l\u00e9gante des composants internes, accentuant le c\u00f4t\u00e9 technologique du produit.  Normes internationales : conforme aux standards de s\u00e9curit\u00e9 et de performance US &amp; EU.\" \/>\n<meta property=\"og:url\" content=\"https:\/\/microzed.tn\/?product=chargeur-mural-pc870y\" \/>\n<meta property=\"article:modified_time\" content=\"2025-05-19T09:48:13+00:00\" \/>\n<meta property=\"og:image\" content=\"https:\/\/microzed.tn\/wp-content\/uploads\/2025\/05\/pc870y.jpg\" \/>\n\t<meta property=\"og:image:width\" content=\"466\" \/>\n\t<meta property=\"og:image:height\" content=\"465\" \/>\n\t<meta property=\"og:image:type\" content=\"image\/jpeg\" \/>\n<meta name=\"twitter:card\" content=\"summary_large_image\" \/>\n<meta name=\"twitter:label1\" content=\"Dur\u00e9e de lecture estim\u00e9e\" \/>\n\t<meta name=\"twitter:data1\" content=\"1 minute\" \/>\n<script type=\"application\/ld+json\" class=\"yoast-schema-graph\">{\"@context\":\"https:\/\/schema.org\",\"@graph\":[{\"@type\":\"WebPage\",\"@id\":\"https:\/\/microzed.tn\/?product=chargeur-mural-pc870y\",\"url\":\"https:\/\/microzed.tn\/?product=chargeur-mural-pc870y\",\"name\":\"Chargeur mural PC870Y -\",\"isPartOf\":{\"@id\":\"https:\/\/microzed.tn\/#website\"},\"primaryImageOfPage\":{\"@id\":\"https:\/\/microzed.tn\/?product=chargeur-mural-pc870y#primaryimage\"},\"image\":{\"@id\":\"https:\/\/microzed.tn\/?product=chargeur-mural-pc870y#primaryimage\"},\"thumbnailUrl\":\"https:\/\/microzed.tn\/wp-content\/uploads\/2025\/05\/pc870y.jpg\",\"datePublished\":\"2025-05-12T10:44:49+00:00\",\"dateModified\":\"2025-05-19T09:48:13+00:00\",\"breadcrumb\":{\"@id\":\"https:\/\/microzed.tn\/?product=chargeur-mural-pc870y#breadcrumb\"},\"inLanguage\":\"fr-FR\",\"potentialAction\":[{\"@type\":\"ReadAction\",\"target\":[\"https:\/\/microzed.tn\/?product=chargeur-mural-pc870y\"]}]},{\"@type\":\"ImageObject\",\"inLanguage\":\"fr-FR\",\"@id\":\"https:\/\/microzed.tn\/?product=chargeur-mural-pc870y#primaryimage\",\"url\":\"https:\/\/microzed.tn\/wp-content\/uploads\/2025\/05\/pc870y.jpg\",\"contentUrl\":\"https:\/\/microzed.tn\/wp-content\/uploads\/2025\/05\/pc870y.jpg\",\"width\":466,\"height\":465},{\"@type\":\"BreadcrumbList\",\"@id\":\"https:\/\/microzed.tn\/?product=chargeur-mural-pc870y#breadcrumb\",\"itemListElement\":[{\"@type\":\"ListItem\",\"position\":1,\"name\":\"Accueil\",\"item\":\"https:\/\/microzed.tn\/\"},{\"@type\":\"ListItem\",\"position\":2,\"name\":\"Products\",\"item\":\"https:\/\/microzed.tn\/?page_id=110\"},{\"@type\":\"ListItem\",\"position\":3,\"name\":\"Chargeur mural PC870Y\"}]},{\"@type\":\"WebSite\",\"@id\":\"https:\/\/microzed.tn\/#website\",\"url\":\"https:\/\/microzed.tn\/\",\"name\":\"\",\"description\":\"\",\"potentialAction\":[{\"@type\":\"SearchAction\",\"target\":{\"@type\":\"EntryPoint\",\"urlTemplate\":\"https:\/\/microzed.tn\/?s={search_term_string}\"},\"query-input\":{\"@type\":\"PropertyValueSpecification\",\"valueRequired\":true,\"valueName\":\"search_term_string\"}}],\"inLanguage\":\"fr-FR\"}]}<\/script>\n<!-- \/ Yoast SEO plugin. -->","yoast_head_json":{"title":"Chargeur mural PC870Y -","robots":{"index":"index","follow":"follow","max-snippet":"max-snippet:-1","max-image-preview":"max-image-preview:large","max-video-preview":"max-video-preview:-1"},"canonical":"https:\/\/microzed.tn\/?product=chargeur-mural-pc870y","og_locale":"fr_FR","og_type":"article","og_title":"Chargeur mural PC870Y -","og_description":"Le PC870Y est un chargeur mural nouvelle g\u00e9n\u00e9ration, con\u00e7u selon les normes am\u00e9ricaines et europ\u00e9ennes, avec un design transparent qui refl\u00e8te un style moderne et une finition soign\u00e9e. Il allie esth\u00e9tique technologique et performances de charge avanc\u00e9es, id\u00e9al pour les utilisateurs exigeants.  Caract\u00e9ristiques principales :  Puissance totale : 36W  Double port Type-C :  Charge rapide jusqu\u2019\u00e0 36W sur un seul port.  En charge simultan\u00e9e : 18W par port, pour une distribution intelligente de l\u2019\u00e9nergie.  Compatibilit\u00e9 universelle : gr\u00e2ce au support multi-protocole pour une large gamme d'appareils (smartphones, tablettes, \u00e9couteurs, etc.).  Design transparent innovant : offre une visibilit\u00e9 \u00e9l\u00e9gante des composants internes, accentuant le c\u00f4t\u00e9 technologique du produit.  Normes internationales : conforme aux standards de s\u00e9curit\u00e9 et de performance US &amp; EU.","og_url":"https:\/\/microzed.tn\/?product=chargeur-mural-pc870y","article_modified_time":"2025-05-19T09:48:13+00:00","og_image":[{"width":466,"height":465,"url":"https:\/\/microzed.tn\/wp-content\/uploads\/2025\/05\/pc870y.jpg","type":"image\/jpeg"}],"twitter_card":"summary_large_image","twitter_misc":{"Dur\u00e9e de lecture estim\u00e9e":"1 minute"},"schema":{"@context":"https:\/\/schema.org","@graph":[{"@type":"WebPage","@id":"https:\/\/microzed.tn\/?product=chargeur-mural-pc870y","url":"https:\/\/microzed.tn\/?product=chargeur-mural-pc870y","name":"Chargeur mural PC870Y -","isPartOf":{"@id":"https:\/\/microzed.tn\/#website"},"primaryImageOfPage":{"@id":"https:\/\/microzed.tn\/?product=chargeur-mural-pc870y#primaryimage"},"image":{"@id":"https:\/\/microzed.tn\/?product=chargeur-mural-pc870y#primaryimage"},"thumbnailUrl":"https:\/\/microzed.tn\/wp-content\/uploads\/2025\/05\/pc870y.jpg","datePublished":"2025-05-12T10:44:49+00:00","dateModified":"2025-05-19T09:48:13+00:00","breadcrumb":{"@id":"https:\/\/microzed.tn\/?product=chargeur-mural-pc870y#breadcrumb"},"inLanguage":"fr-FR","potentialAction":[{"@type":"ReadAction","target":["https:\/\/microzed.tn\/?product=chargeur-mural-pc870y"]}]},{"@type":"ImageObject","inLanguage":"fr-FR","@id":"https:\/\/microzed.tn\/?product=chargeur-mural-pc870y#primaryimage","url":"https:\/\/microzed.tn\/wp-content\/uploads\/2025\/05\/pc870y.jpg","contentUrl":"https:\/\/microzed.tn\/wp-content\/uploads\/2025\/05\/pc870y.jpg","width":466,"height":465},{"@type":"BreadcrumbList","@id":"https:\/\/microzed.tn\/?product=chargeur-mural-pc870y#breadcrumb","itemListElement":[{"@type":"ListItem","position":1,"name":"Accueil","item":"https:\/\/microzed.tn\/"},{"@type":"ListItem","position":2,"name":"Products","item":"https:\/\/microzed.tn\/?page_id=110"},{"@type":"ListItem","position":3,"name":"Chargeur mural PC870Y"}]},{"@type":"WebSite","@id":"https:\/\/microzed.tn\/#website","url":"https:\/\/microzed.tn\/","name":"","description":"","potentialAction":[{"@type":"SearchAction","target":{"@type":"EntryPoint","urlTemplate":"https:\/\/microzed.tn\/?s={search_term_string}"},"query-input":{"@type":"PropertyValueSpecification","valueRequired":true,"valueName":"search_term_string"}}],"inLanguage":"fr-FR"}]}},"jetpack_sharing_enabled":true,"_links":{"self":[{"href":"https:\/\/microzed.tn\/index.php?rest_route=\/wp\/v2\/product\/856","targetHints":{"allow":["GET"]}}],"collection":[{"href":"https:\/\/microzed.tn\/index.php?rest_route=\/wp\/v2\/product"}],"about":[{"href":"https:\/\/microzed.tn\/index.php?rest_route=\/wp\/v2\/types\/product"}],"replies":[{"embeddable":true,"href":"https:\/\/microzed.tn\/index.php?rest_route=%2Fwp%2Fv2%2Fcomments&post=856"}],"wp:featuredmedia":[{"embeddable":true,"href":"https:\/\/microzed.tn\/index.php?rest_route=\/wp\/v2\/media\/857"}],"wp:attachment":[{"href":"https:\/\/microzed.tn\/index.php?rest_route=%2Fwp%2Fv2%2Fmedia&parent=856"}],"wp:term":[{"taxonomy":"product_cat","embeddable":true,"href":"https:\/\/microzed.tn\/index.php?rest_route=%2Fwp%2Fv2%2Fproduct_cat&post=856"},{"taxonomy":"product_tag","embeddable":true,"href":"https:\/\/microzed.tn\/index.php?rest_route=%2Fwp%2Fv2%2Fproduct_tag&post=856"}],"curies":[{"name":"wp","href":"https:\/\/api.w.org\/{rel}","templated":true}]}}