{"id":875,"date":"2025-05-12T14:19:04","date_gmt":"2025-05-12T12:19:04","guid":{"rendered":"https:\/\/microzed.tn\/?post_type=product&#038;p=875"},"modified":"2025-05-19T11:56:17","modified_gmt":"2025-05-19T09:56:17","slug":"chargeur-mural-pc860y","status":"publish","type":"product","link":"https:\/\/microzed.tn\/?product=chargeur-mural-pc860y","title":{"rendered":"Chargeur mural PC860Y"},"content":{"rendered":"<p>Le PC860Y est un chargeur mural compact et puissant, \u00e9quip\u00e9 de deux ports Type-C et d&rsquo;un port USB-A. Gr\u00e2ce \u00e0 la technologie GaN (Gallium Nitride), il offre une charge rapide de 65W, avec une gestion de la chaleur optimis\u00e9e et une efficacit\u00e9 accrue.<\/p>\n<p>Caract\u00e9ristiques principales :<\/p>\n<p>Puissance de sortie totale : 65W<\/p>\n<p>Port USB-A :<\/p>\n<p>DC 5V-20V = 3A<\/p>\n<p>4.5V = 5A (60W max)<\/p>\n<p>Port Type-C (double port) :<\/p>\n<p>5V = 3A<\/p>\n<p>9V = 3A<\/p>\n<p>12V = 3A<\/p>\n<p>15V = 3A<\/p>\n<p>20V = 3.25A<\/p>\n<p>PPS (Programmable Power Supply) : 3.3-20V (65W max)<\/p>\n<p>Entr\u00e9e : AC 100\u2013240V, 50\u201360Hz, 1.5A \u2013 compatible avec les prises internationales.<\/p>\n<p>Ports de sortie : 2 x Type-C, 1 x USB-A \u2013 permet de charger plusieurs appareils simultan\u00e9ment.<\/p>\n<p>Technologie GaN : pour une charge plus rapide, plus s\u00fbre et plus efficace avec une gestion thermique am\u00e9lior\u00e9e.<\/p>\n<p>Compatibilit\u00e9 universelle : id\u00e9al pour une grande vari\u00e9t\u00e9 de smartphones, tablettes, ordinateurs portables et autres appareils compatibles avec la charge rapide.<\/p>\n<p>Le PC860Y combine haute performance, technologie avanc\u00e9e GaN, et une conception polyvalente, permettant de charger plusieurs appareils \u00e0 la fois tout en garantissant une recharge rapide et efficace.<\/p>\n","protected":false},"excerpt":{"rendered":"<p>Le PC860Y est un chargeur mural compact et puissant, \u00e9quip\u00e9 de deux ports Type-C et d&rsquo;un port USB-A. Gr\u00e2ce \u00e0 la technologie GaN (Gallium Nitride), il offre une charge rapide de 65W, avec une gestion de la chaleur optimis\u00e9e et une efficacit\u00e9 accrue.<\/p>\n<p>Caract\u00e9ristiques principales :<\/p>\n<p>Puissance de sortie totale : 65W<\/p>\n<p>Port USB-A :<\/p>\n<p>DC 5V-20V = 3A<\/p>\n<p>4.5V = 5A (60W max)<\/p>\n<p>Port Type-C (double port) :<\/p>\n<p>5V = 3A<\/p>\n<p>9V = 3A<\/p>\n<p>12V = 3A<\/p>\n<p>15V = 3A<\/p>\n<p>20V = 3.25A<\/p>\n<p>PPS (Programmable Power Supply) : 3.3-20V (65W max)<\/p>\n<p>Entr\u00e9e : AC 100\u2013240V, 50\u201360Hz, 1.5A \u2013 compatible avec les prises internationales.<\/p>\n<p>Ports de sortie : 2 x Type-C, 1 x USB-A \u2013 permet de charger plusieurs appareils simultan\u00e9ment.<\/p>\n<p>Technologie GaN : pour une charge plus rapide, plus s\u00fbre et plus efficace avec une gestion thermique am\u00e9lior\u00e9e.<\/p>\n<p>Compatibilit\u00e9 universelle : id\u00e9al pour une grande vari\u00e9t\u00e9 de smartphones, tablettes, ordinateurs portables et autres appareils compatibles avec la charge rapide.<\/p>\n<p>Le PC860Y combine haute performance, technologie avanc\u00e9e GaN, et une conception polyvalente, permettant de charger plusieurs appareils \u00e0 la fois tout en garantissant une recharge rapide et efficace.<\/p>\n","protected":false},"featured_media":876,"comment_status":"open","ping_status":"closed","template":"","meta":{"site-sidebar-layout":"default","site-content-layout":"","ast-site-content-layout":"default","site-content-style":"default","site-sidebar-style":"default","ast-global-header-display":"","ast-banner-title-visibility":"","ast-main-header-display":"","ast-hfb-above-header-display":"","ast-hfb-below-header-display":"","ast-hfb-mobile-header-display":"","site-post-title":"","ast-breadcrumbs-content":"","ast-featured-img":"","footer-sml-layout":"","theme-transparent-header-meta":"default","adv-header-id-meta":"","stick-header-meta":"","header-above-stick-meta":"","header-main-stick-meta":"","header-below-stick-meta":"","astra-migrate-meta-layouts":"set","ast-page-background-enabled":"default","ast-page-background-meta":{"desktop":{"background-color":"var(--ast-global-color-4)","background-image":"","background-repeat":"repeat","background-position":"center center","background-size":"auto","background-attachment":"scroll","background-type":"","background-media":"","overlay-type":"","overlay-color":"","overlay-gradient":""},"tablet":{"background-color":"","background-image":"","background-repeat":"repeat","background-position":"center center","background-size":"auto","background-attachment":"scroll","background-type":"","background-media":"","overlay-type":"","overlay-color":"","overlay-gradient":""},"mobile":{"background-color":"","background-image":"","background-repeat":"repeat","background-position":"center center","background-size":"auto","background-attachment":"scroll","background-type":"","background-media":"","overlay-type":"","overlay-color":"","overlay-gradient":""}},"ast-content-background-meta":{"desktop":{"background-color":"var(--ast-global-color-5)","background-image":"","background-repeat":"repeat","background-position":"center center","background-size":"auto","background-attachment":"scroll","background-type":"","background-media":"","overlay-type":"","overlay-color":"","overlay-gradient":""},"tablet":{"background-color":"var(--ast-global-color-5)","background-image":"","background-repeat":"repeat","background-position":"center center","background-size":"auto","background-attachment":"scroll","background-type":"","background-media":"","overlay-type":"","overlay-color":"","overlay-gradient":""},"mobile":{"background-color":"var(--ast-global-color-5)","background-image":"","background-repeat":"repeat","background-position":"center center","background-size":"auto","background-attachment":"scroll","background-type":"","background-media":"","overlay-type":"","overlay-color":"","overlay-gradient":""}}},"product_cat":[29,49],"product_tag":[],"class_list":{"0":"post-875","1":"product","2":"type-product","3":"status-publish","4":"has-post-thumbnail","6":"product_cat-cables-adaptateurs","7":"product_cat-chargeur","8":"desktop-align-left","9":"tablet-align-left","10":"mobile-align-left","12":"first","13":"instock","14":"sale","15":"shipping-taxable","16":"purchasable","17":"product-type-simple"},"yoast_head":"<!-- This site is optimized with the Yoast SEO plugin v25.5 - https:\/\/yoast.com\/wordpress\/plugins\/seo\/ -->\n<title>Chargeur mural PC860Y -<\/title>\n<meta name=\"robots\" content=\"index, follow, max-snippet:-1, max-image-preview:large, max-video-preview:-1\" \/>\n<link rel=\"canonical\" href=\"https:\/\/microzed.tn\/?product=chargeur-mural-pc860y\" \/>\n<meta property=\"og:locale\" content=\"fr_FR\" \/>\n<meta property=\"og:type\" content=\"article\" \/>\n<meta property=\"og:title\" content=\"Chargeur mural PC860Y -\" \/>\n<meta property=\"og:description\" content=\"Le PC860Y est un chargeur mural compact et puissant, \u00e9quip\u00e9 de deux ports Type-C et d&#039;un port USB-A. Gr\u00e2ce \u00e0 la technologie GaN (Gallium Nitride), il offre une charge rapide de 65W, avec une gestion de la chaleur optimis\u00e9e et une efficacit\u00e9 accrue.  Caract\u00e9ristiques principales :  Puissance de sortie totale : 65W  Port USB-A :  DC 5V-20V = 3A  4.5V = 5A (60W max)  Port Type-C (double port) :  5V = 3A  9V = 3A  12V = 3A  15V = 3A  20V = 3.25A  PPS (Programmable Power Supply) : 3.3-20V (65W max)  Entr\u00e9e : AC 100\u2013240V, 50\u201360Hz, 1.5A \u2013 compatible avec les prises internationales.  Ports de sortie : 2 x Type-C, 1 x USB-A \u2013 permet de charger plusieurs appareils simultan\u00e9ment.  Technologie GaN : pour une charge plus rapide, plus s\u00fbre et plus efficace avec une gestion thermique am\u00e9lior\u00e9e.  Compatibilit\u00e9 universelle : id\u00e9al pour une grande vari\u00e9t\u00e9 de smartphones, tablettes, ordinateurs portables et autres appareils compatibles avec la charge rapide.  Le PC860Y combine haute performance, technologie avanc\u00e9e GaN, et une conception polyvalente, permettant de charger plusieurs appareils \u00e0 la fois tout en garantissant une recharge rapide et efficace.\" \/>\n<meta property=\"og:url\" content=\"https:\/\/microzed.tn\/?product=chargeur-mural-pc860y\" \/>\n<meta property=\"article:modified_time\" content=\"2025-05-19T09:56:17+00:00\" \/>\n<meta property=\"og:image\" content=\"https:\/\/microzed.tn\/wp-content\/uploads\/2025\/05\/pc860y.jpg\" \/>\n\t<meta property=\"og:image:width\" content=\"516\" \/>\n\t<meta property=\"og:image:height\" content=\"516\" \/>\n\t<meta property=\"og:image:type\" content=\"image\/jpeg\" \/>\n<meta name=\"twitter:card\" content=\"summary_large_image\" \/>\n<meta name=\"twitter:label1\" content=\"Dur\u00e9e de lecture estim\u00e9e\" \/>\n\t<meta name=\"twitter:data1\" content=\"1 minute\" \/>\n<script type=\"application\/ld+json\" class=\"yoast-schema-graph\">{\"@context\":\"https:\/\/schema.org\",\"@graph\":[{\"@type\":\"WebPage\",\"@id\":\"https:\/\/microzed.tn\/?product=chargeur-mural-pc860y\",\"url\":\"https:\/\/microzed.tn\/?product=chargeur-mural-pc860y\",\"name\":\"Chargeur mural PC860Y -\",\"isPartOf\":{\"@id\":\"https:\/\/microzed.tn\/#website\"},\"primaryImageOfPage\":{\"@id\":\"https:\/\/microzed.tn\/?product=chargeur-mural-pc860y#primaryimage\"},\"image\":{\"@id\":\"https:\/\/microzed.tn\/?product=chargeur-mural-pc860y#primaryimage\"},\"thumbnailUrl\":\"https:\/\/microzed.tn\/wp-content\/uploads\/2025\/05\/pc860y.jpg\",\"datePublished\":\"2025-05-12T12:19:04+00:00\",\"dateModified\":\"2025-05-19T09:56:17+00:00\",\"breadcrumb\":{\"@id\":\"https:\/\/microzed.tn\/?product=chargeur-mural-pc860y#breadcrumb\"},\"inLanguage\":\"fr-FR\",\"potentialAction\":[{\"@type\":\"ReadAction\",\"target\":[\"https:\/\/microzed.tn\/?product=chargeur-mural-pc860y\"]}]},{\"@type\":\"ImageObject\",\"inLanguage\":\"fr-FR\",\"@id\":\"https:\/\/microzed.tn\/?product=chargeur-mural-pc860y#primaryimage\",\"url\":\"https:\/\/microzed.tn\/wp-content\/uploads\/2025\/05\/pc860y.jpg\",\"contentUrl\":\"https:\/\/microzed.tn\/wp-content\/uploads\/2025\/05\/pc860y.jpg\",\"width\":516,\"height\":516},{\"@type\":\"BreadcrumbList\",\"@id\":\"https:\/\/microzed.tn\/?product=chargeur-mural-pc860y#breadcrumb\",\"itemListElement\":[{\"@type\":\"ListItem\",\"position\":1,\"name\":\"Accueil\",\"item\":\"https:\/\/microzed.tn\/\"},{\"@type\":\"ListItem\",\"position\":2,\"name\":\"Products\",\"item\":\"https:\/\/microzed.tn\/?page_id=110\"},{\"@type\":\"ListItem\",\"position\":3,\"name\":\"Chargeur mural PC860Y\"}]},{\"@type\":\"WebSite\",\"@id\":\"https:\/\/microzed.tn\/#website\",\"url\":\"https:\/\/microzed.tn\/\",\"name\":\"\",\"description\":\"\",\"potentialAction\":[{\"@type\":\"SearchAction\",\"target\":{\"@type\":\"EntryPoint\",\"urlTemplate\":\"https:\/\/microzed.tn\/?s={search_term_string}\"},\"query-input\":{\"@type\":\"PropertyValueSpecification\",\"valueRequired\":true,\"valueName\":\"search_term_string\"}}],\"inLanguage\":\"fr-FR\"}]}<\/script>\n<!-- \/ Yoast SEO plugin. -->","yoast_head_json":{"title":"Chargeur mural PC860Y -","robots":{"index":"index","follow":"follow","max-snippet":"max-snippet:-1","max-image-preview":"max-image-preview:large","max-video-preview":"max-video-preview:-1"},"canonical":"https:\/\/microzed.tn\/?product=chargeur-mural-pc860y","og_locale":"fr_FR","og_type":"article","og_title":"Chargeur mural PC860Y -","og_description":"Le PC860Y est un chargeur mural compact et puissant, \u00e9quip\u00e9 de deux ports Type-C et d'un port USB-A. Gr\u00e2ce \u00e0 la technologie GaN (Gallium Nitride), il offre une charge rapide de 65W, avec une gestion de la chaleur optimis\u00e9e et une efficacit\u00e9 accrue.  Caract\u00e9ristiques principales :  Puissance de sortie totale : 65W  Port USB-A :  DC 5V-20V = 3A  4.5V = 5A (60W max)  Port Type-C (double port) :  5V = 3A  9V = 3A  12V = 3A  15V = 3A  20V = 3.25A  PPS (Programmable Power Supply) : 3.3-20V (65W max)  Entr\u00e9e : AC 100\u2013240V, 50\u201360Hz, 1.5A \u2013 compatible avec les prises internationales.  Ports de sortie : 2 x Type-C, 1 x USB-A \u2013 permet de charger plusieurs appareils simultan\u00e9ment.  Technologie GaN : pour une charge plus rapide, plus s\u00fbre et plus efficace avec une gestion thermique am\u00e9lior\u00e9e.  Compatibilit\u00e9 universelle : id\u00e9al pour une grande vari\u00e9t\u00e9 de smartphones, tablettes, ordinateurs portables et autres appareils compatibles avec la charge rapide.  Le PC860Y combine haute performance, technologie avanc\u00e9e GaN, et une conception polyvalente, permettant de charger plusieurs appareils \u00e0 la fois tout en garantissant une recharge rapide et efficace.","og_url":"https:\/\/microzed.tn\/?product=chargeur-mural-pc860y","article_modified_time":"2025-05-19T09:56:17+00:00","og_image":[{"width":516,"height":516,"url":"https:\/\/microzed.tn\/wp-content\/uploads\/2025\/05\/pc860y.jpg","type":"image\/jpeg"}],"twitter_card":"summary_large_image","twitter_misc":{"Dur\u00e9e de lecture estim\u00e9e":"1 minute"},"schema":{"@context":"https:\/\/schema.org","@graph":[{"@type":"WebPage","@id":"https:\/\/microzed.tn\/?product=chargeur-mural-pc860y","url":"https:\/\/microzed.tn\/?product=chargeur-mural-pc860y","name":"Chargeur mural PC860Y -","isPartOf":{"@id":"https:\/\/microzed.tn\/#website"},"primaryImageOfPage":{"@id":"https:\/\/microzed.tn\/?product=chargeur-mural-pc860y#primaryimage"},"image":{"@id":"https:\/\/microzed.tn\/?product=chargeur-mural-pc860y#primaryimage"},"thumbnailUrl":"https:\/\/microzed.tn\/wp-content\/uploads\/2025\/05\/pc860y.jpg","datePublished":"2025-05-12T12:19:04+00:00","dateModified":"2025-05-19T09:56:17+00:00","breadcrumb":{"@id":"https:\/\/microzed.tn\/?product=chargeur-mural-pc860y#breadcrumb"},"inLanguage":"fr-FR","potentialAction":[{"@type":"ReadAction","target":["https:\/\/microzed.tn\/?product=chargeur-mural-pc860y"]}]},{"@type":"ImageObject","inLanguage":"fr-FR","@id":"https:\/\/microzed.tn\/?product=chargeur-mural-pc860y#primaryimage","url":"https:\/\/microzed.tn\/wp-content\/uploads\/2025\/05\/pc860y.jpg","contentUrl":"https:\/\/microzed.tn\/wp-content\/uploads\/2025\/05\/pc860y.jpg","width":516,"height":516},{"@type":"BreadcrumbList","@id":"https:\/\/microzed.tn\/?product=chargeur-mural-pc860y#breadcrumb","itemListElement":[{"@type":"ListItem","position":1,"name":"Accueil","item":"https:\/\/microzed.tn\/"},{"@type":"ListItem","position":2,"name":"Products","item":"https:\/\/microzed.tn\/?page_id=110"},{"@type":"ListItem","position":3,"name":"Chargeur mural PC860Y"}]},{"@type":"WebSite","@id":"https:\/\/microzed.tn\/#website","url":"https:\/\/microzed.tn\/","name":"","description":"","potentialAction":[{"@type":"SearchAction","target":{"@type":"EntryPoint","urlTemplate":"https:\/\/microzed.tn\/?s={search_term_string}"},"query-input":{"@type":"PropertyValueSpecification","valueRequired":true,"valueName":"search_term_string"}}],"inLanguage":"fr-FR"}]}},"jetpack_sharing_enabled":true,"_links":{"self":[{"href":"https:\/\/microzed.tn\/index.php?rest_route=\/wp\/v2\/product\/875","targetHints":{"allow":["GET"]}}],"collection":[{"href":"https:\/\/microzed.tn\/index.php?rest_route=\/wp\/v2\/product"}],"about":[{"href":"https:\/\/microzed.tn\/index.php?rest_route=\/wp\/v2\/types\/product"}],"replies":[{"embeddable":true,"href":"https:\/\/microzed.tn\/index.php?rest_route=%2Fwp%2Fv2%2Fcomments&post=875"}],"wp:featuredmedia":[{"embeddable":true,"href":"https:\/\/microzed.tn\/index.php?rest_route=\/wp\/v2\/media\/876"}],"wp:attachment":[{"href":"https:\/\/microzed.tn\/index.php?rest_route=%2Fwp%2Fv2%2Fmedia&parent=875"}],"wp:term":[{"taxonomy":"product_cat","embeddable":true,"href":"https:\/\/microzed.tn\/index.php?rest_route=%2Fwp%2Fv2%2Fproduct_cat&post=875"},{"taxonomy":"product_tag","embeddable":true,"href":"https:\/\/microzed.tn\/index.php?rest_route=%2Fwp%2Fv2%2Fproduct_tag&post=875"}],"curies":[{"name":"wp","href":"https:\/\/api.w.org\/{rel}","templated":true}]}}