{"id":882,"date":"2025-05-12T14:37:35","date_gmt":"2025-05-12T12:37:35","guid":{"rendered":"https:\/\/microzed.tn\/?post_type=product&#038;p=882"},"modified":"2025-05-19T11:58:35","modified_gmt":"2025-05-19T09:58:35","slug":"chargeur-mural-pc936y","status":"publish","type":"product","link":"https:\/\/microzed.tn\/?product=chargeur-mural-pc936y","title":{"rendered":"Chargeur mural PC936Y"},"content":{"rendered":"<p>Le PC936Y est un chargeur mural puissant avec trois ports Type-C et un port USB-A, offrant une charge rapide jusqu&rsquo;\u00e0 100W.<\/p>\n<p>Caract\u00e9ristiques principales :<\/p>\n<p>3 ports Type-C pour charger jusqu&rsquo;\u00e0 100W (selon la combinaison des ports utilis\u00e9s)<\/p>\n<p>Port USB-A avec charge rapide jusqu&rsquo;\u00e0 22.5W<\/p>\n<p>Permet de charger plusieurs appareils simultan\u00e9ment avec une gestion optimale de la puissance.<\/p>\n<p>Ce chargeur est id\u00e9al pour une charge rapide et efficace de vos appareils \u00e0 la maison ou au bureau.<\/p>\n","protected":false},"excerpt":{"rendered":"<p>Le PC936Y est un chargeur mural puissant avec trois ports Type-C et un port USB-A, offrant une charge rapide jusqu&rsquo;\u00e0 100W.<\/p>\n<p>Caract\u00e9ristiques principales :<\/p>\n<p>3 ports Type-C pour charger jusqu&rsquo;\u00e0 100W (selon la combinaison des ports utilis\u00e9s)<\/p>\n<p>Port USB-A avec charge rapide jusqu&rsquo;\u00e0 22.5W<\/p>\n<p>Permet de charger plusieurs appareils simultan\u00e9ment avec une gestion optimale de la puissance.<\/p>\n<p>Ce chargeur est id\u00e9al pour une charge rapide et efficace de vos appareils \u00e0 la maison ou au bureau.<\/p>\n","protected":false},"featured_media":883,"comment_status":"open","ping_status":"closed","template":"","meta":{"site-sidebar-layout":"default","site-content-layout":"","ast-site-content-layout":"default","site-content-style":"default","site-sidebar-style":"default","ast-global-header-display":"","ast-banner-title-visibility":"","ast-main-header-display":"","ast-hfb-above-header-display":"","ast-hfb-below-header-display":"","ast-hfb-mobile-header-display":"","site-post-title":"","ast-breadcrumbs-content":"","ast-featured-img":"","footer-sml-layout":"","theme-transparent-header-meta":"default","adv-header-id-meta":"","stick-header-meta":"","header-above-stick-meta":"","header-main-stick-meta":"","header-below-stick-meta":"","astra-migrate-meta-layouts":"set","ast-page-background-enabled":"default","ast-page-background-meta":{"desktop":{"background-color":"var(--ast-global-color-4)","background-image":"","background-repeat":"repeat","background-position":"center center","background-size":"auto","background-attachment":"scroll","background-type":"","background-media":"","overlay-type":"","overlay-color":"","overlay-gradient":""},"tablet":{"background-color":"","background-image":"","background-repeat":"repeat","background-position":"center center","background-size":"auto","background-attachment":"scroll","background-type":"","background-media":"","overlay-type":"","overlay-color":"","overlay-gradient":""},"mobile":{"background-color":"","background-image":"","background-repeat":"repeat","background-position":"center center","background-size":"auto","background-attachment":"scroll","background-type":"","background-media":"","overlay-type":"","overlay-color":"","overlay-gradient":""}},"ast-content-background-meta":{"desktop":{"background-color":"var(--ast-global-color-5)","background-image":"","background-repeat":"repeat","background-position":"center center","background-size":"auto","background-attachment":"scroll","background-type":"","background-media":"","overlay-type":"","overlay-color":"","overlay-gradient":""},"tablet":{"background-color":"var(--ast-global-color-5)","background-image":"","background-repeat":"repeat","background-position":"center center","background-size":"auto","background-attachment":"scroll","background-type":"","background-media":"","overlay-type":"","overlay-color":"","overlay-gradient":""},"mobile":{"background-color":"var(--ast-global-color-5)","background-image":"","background-repeat":"repeat","background-position":"center center","background-size":"auto","background-attachment":"scroll","background-type":"","background-media":"","overlay-type":"","overlay-color":"","overlay-gradient":""}}},"product_cat":[29,49],"product_tag":[],"class_list":{"0":"post-882","1":"product","2":"type-product","3":"status-publish","4":"has-post-thumbnail","6":"product_cat-cables-adaptateurs","7":"product_cat-chargeur","8":"desktop-align-left","9":"tablet-align-left","10":"mobile-align-left","12":"first","13":"instock","14":"sale","15":"shipping-taxable","16":"purchasable","17":"product-type-simple"},"yoast_head":"<!-- This site is optimized with the Yoast SEO plugin v25.5 - https:\/\/yoast.com\/wordpress\/plugins\/seo\/ -->\n<title>Chargeur mural PC936Y -<\/title>\n<meta name=\"robots\" content=\"index, follow, max-snippet:-1, max-image-preview:large, max-video-preview:-1\" \/>\n<link rel=\"canonical\" href=\"https:\/\/microzed.tn\/?product=chargeur-mural-pc936y\" \/>\n<meta property=\"og:locale\" content=\"fr_FR\" \/>\n<meta property=\"og:type\" content=\"article\" \/>\n<meta property=\"og:title\" content=\"Chargeur mural PC936Y -\" \/>\n<meta property=\"og:description\" content=\"Le PC936Y est un chargeur mural puissant avec trois ports Type-C et un port USB-A, offrant une charge rapide jusqu&#039;\u00e0 100W.  Caract\u00e9ristiques principales :  3 ports Type-C pour charger jusqu&#039;\u00e0 100W (selon la combinaison des ports utilis\u00e9s)  Port USB-A avec charge rapide jusqu&#039;\u00e0 22.5W  Permet de charger plusieurs appareils simultan\u00e9ment avec une gestion optimale de la puissance.  Ce chargeur est id\u00e9al pour une charge rapide et efficace de vos appareils \u00e0 la maison ou au bureau.\" \/>\n<meta property=\"og:url\" content=\"https:\/\/microzed.tn\/?product=chargeur-mural-pc936y\" \/>\n<meta property=\"article:modified_time\" content=\"2025-05-19T09:58:35+00:00\" \/>\n<meta property=\"og:image\" content=\"https:\/\/microzed.tn\/wp-content\/uploads\/2025\/05\/pc936y.jpg\" \/>\n\t<meta property=\"og:image:width\" content=\"229\" \/>\n\t<meta property=\"og:image:height\" content=\"231\" \/>\n\t<meta property=\"og:image:type\" content=\"image\/jpeg\" \/>\n<meta name=\"twitter:card\" content=\"summary_large_image\" \/>\n<script type=\"application\/ld+json\" class=\"yoast-schema-graph\">{\"@context\":\"https:\/\/schema.org\",\"@graph\":[{\"@type\":\"WebPage\",\"@id\":\"https:\/\/microzed.tn\/?product=chargeur-mural-pc936y\",\"url\":\"https:\/\/microzed.tn\/?product=chargeur-mural-pc936y\",\"name\":\"Chargeur mural PC936Y -\",\"isPartOf\":{\"@id\":\"https:\/\/microzed.tn\/#website\"},\"primaryImageOfPage\":{\"@id\":\"https:\/\/microzed.tn\/?product=chargeur-mural-pc936y#primaryimage\"},\"image\":{\"@id\":\"https:\/\/microzed.tn\/?product=chargeur-mural-pc936y#primaryimage\"},\"thumbnailUrl\":\"https:\/\/microzed.tn\/wp-content\/uploads\/2025\/05\/pc936y.jpg\",\"datePublished\":\"2025-05-12T12:37:35+00:00\",\"dateModified\":\"2025-05-19T09:58:35+00:00\",\"breadcrumb\":{\"@id\":\"https:\/\/microzed.tn\/?product=chargeur-mural-pc936y#breadcrumb\"},\"inLanguage\":\"fr-FR\",\"potentialAction\":[{\"@type\":\"ReadAction\",\"target\":[\"https:\/\/microzed.tn\/?product=chargeur-mural-pc936y\"]}]},{\"@type\":\"ImageObject\",\"inLanguage\":\"fr-FR\",\"@id\":\"https:\/\/microzed.tn\/?product=chargeur-mural-pc936y#primaryimage\",\"url\":\"https:\/\/microzed.tn\/wp-content\/uploads\/2025\/05\/pc936y.jpg\",\"contentUrl\":\"https:\/\/microzed.tn\/wp-content\/uploads\/2025\/05\/pc936y.jpg\",\"width\":229,\"height\":231},{\"@type\":\"BreadcrumbList\",\"@id\":\"https:\/\/microzed.tn\/?product=chargeur-mural-pc936y#breadcrumb\",\"itemListElement\":[{\"@type\":\"ListItem\",\"position\":1,\"name\":\"Accueil\",\"item\":\"https:\/\/microzed.tn\/\"},{\"@type\":\"ListItem\",\"position\":2,\"name\":\"Products\",\"item\":\"https:\/\/microzed.tn\/?page_id=110\"},{\"@type\":\"ListItem\",\"position\":3,\"name\":\"Chargeur mural PC936Y\"}]},{\"@type\":\"WebSite\",\"@id\":\"https:\/\/microzed.tn\/#website\",\"url\":\"https:\/\/microzed.tn\/\",\"name\":\"\",\"description\":\"\",\"potentialAction\":[{\"@type\":\"SearchAction\",\"target\":{\"@type\":\"EntryPoint\",\"urlTemplate\":\"https:\/\/microzed.tn\/?s={search_term_string}\"},\"query-input\":{\"@type\":\"PropertyValueSpecification\",\"valueRequired\":true,\"valueName\":\"search_term_string\"}}],\"inLanguage\":\"fr-FR\"}]}<\/script>\n<!-- \/ Yoast SEO plugin. -->","yoast_head_json":{"title":"Chargeur mural PC936Y -","robots":{"index":"index","follow":"follow","max-snippet":"max-snippet:-1","max-image-preview":"max-image-preview:large","max-video-preview":"max-video-preview:-1"},"canonical":"https:\/\/microzed.tn\/?product=chargeur-mural-pc936y","og_locale":"fr_FR","og_type":"article","og_title":"Chargeur mural PC936Y -","og_description":"Le PC936Y est un chargeur mural puissant avec trois ports Type-C et un port USB-A, offrant une charge rapide jusqu'\u00e0 100W.  Caract\u00e9ristiques principales :  3 ports Type-C pour charger jusqu'\u00e0 100W (selon la combinaison des ports utilis\u00e9s)  Port USB-A avec charge rapide jusqu'\u00e0 22.5W  Permet de charger plusieurs appareils simultan\u00e9ment avec une gestion optimale de la puissance.  Ce chargeur est id\u00e9al pour une charge rapide et efficace de vos appareils \u00e0 la maison ou au bureau.","og_url":"https:\/\/microzed.tn\/?product=chargeur-mural-pc936y","article_modified_time":"2025-05-19T09:58:35+00:00","og_image":[{"width":229,"height":231,"url":"https:\/\/microzed.tn\/wp-content\/uploads\/2025\/05\/pc936y.jpg","type":"image\/jpeg"}],"twitter_card":"summary_large_image","schema":{"@context":"https:\/\/schema.org","@graph":[{"@type":"WebPage","@id":"https:\/\/microzed.tn\/?product=chargeur-mural-pc936y","url":"https:\/\/microzed.tn\/?product=chargeur-mural-pc936y","name":"Chargeur mural PC936Y -","isPartOf":{"@id":"https:\/\/microzed.tn\/#website"},"primaryImageOfPage":{"@id":"https:\/\/microzed.tn\/?product=chargeur-mural-pc936y#primaryimage"},"image":{"@id":"https:\/\/microzed.tn\/?product=chargeur-mural-pc936y#primaryimage"},"thumbnailUrl":"https:\/\/microzed.tn\/wp-content\/uploads\/2025\/05\/pc936y.jpg","datePublished":"2025-05-12T12:37:35+00:00","dateModified":"2025-05-19T09:58:35+00:00","breadcrumb":{"@id":"https:\/\/microzed.tn\/?product=chargeur-mural-pc936y#breadcrumb"},"inLanguage":"fr-FR","potentialAction":[{"@type":"ReadAction","target":["https:\/\/microzed.tn\/?product=chargeur-mural-pc936y"]}]},{"@type":"ImageObject","inLanguage":"fr-FR","@id":"https:\/\/microzed.tn\/?product=chargeur-mural-pc936y#primaryimage","url":"https:\/\/microzed.tn\/wp-content\/uploads\/2025\/05\/pc936y.jpg","contentUrl":"https:\/\/microzed.tn\/wp-content\/uploads\/2025\/05\/pc936y.jpg","width":229,"height":231},{"@type":"BreadcrumbList","@id":"https:\/\/microzed.tn\/?product=chargeur-mural-pc936y#breadcrumb","itemListElement":[{"@type":"ListItem","position":1,"name":"Accueil","item":"https:\/\/microzed.tn\/"},{"@type":"ListItem","position":2,"name":"Products","item":"https:\/\/microzed.tn\/?page_id=110"},{"@type":"ListItem","position":3,"name":"Chargeur mural PC936Y"}]},{"@type":"WebSite","@id":"https:\/\/microzed.tn\/#website","url":"https:\/\/microzed.tn\/","name":"","description":"","potentialAction":[{"@type":"SearchAction","target":{"@type":"EntryPoint","urlTemplate":"https:\/\/microzed.tn\/?s={search_term_string}"},"query-input":{"@type":"PropertyValueSpecification","valueRequired":true,"valueName":"search_term_string"}}],"inLanguage":"fr-FR"}]}},"jetpack_sharing_enabled":true,"_links":{"self":[{"href":"https:\/\/microzed.tn\/index.php?rest_route=\/wp\/v2\/product\/882","targetHints":{"allow":["GET"]}}],"collection":[{"href":"https:\/\/microzed.tn\/index.php?rest_route=\/wp\/v2\/product"}],"about":[{"href":"https:\/\/microzed.tn\/index.php?rest_route=\/wp\/v2\/types\/product"}],"replies":[{"embeddable":true,"href":"https:\/\/microzed.tn\/index.php?rest_route=%2Fwp%2Fv2%2Fcomments&post=882"}],"wp:featuredmedia":[{"embeddable":true,"href":"https:\/\/microzed.tn\/index.php?rest_route=\/wp\/v2\/media\/883"}],"wp:attachment":[{"href":"https:\/\/microzed.tn\/index.php?rest_route=%2Fwp%2Fv2%2Fmedia&parent=882"}],"wp:term":[{"taxonomy":"product_cat","embeddable":true,"href":"https:\/\/microzed.tn\/index.php?rest_route=%2Fwp%2Fv2%2Fproduct_cat&post=882"},{"taxonomy":"product_tag","embeddable":true,"href":"https:\/\/microzed.tn\/index.php?rest_route=%2Fwp%2Fv2%2Fproduct_tag&post=882"}],"curies":[{"name":"wp","href":"https:\/\/api.w.org\/{rel}","templated":true}]}}