{"id":918,"date":"2025-05-12T16:10:58","date_gmt":"2025-05-12T14:10:58","guid":{"rendered":"https:\/\/microzed.tn\/?post_type=product&#038;p=918"},"modified":"2025-05-19T12:05:53","modified_gmt":"2025-05-19T10:05:53","slug":"support-de-voiture-universel-bavin-ps46-metal-renforce-fixation-securisee","status":"publish","type":"product","link":"https:\/\/microzed.tn\/?product=support-de-voiture-universel-bavin-ps46-metal-renforce-fixation-securisee","title":{"rendered":"Support de Voiture Universel Bavin PS46 \u2013 M\u00e9tal Renforc\u00e9 &#038; Fixation S\u00e9curis\u00e9e"},"content":{"rendered":"<p data-start=\"190\" data-end=\"208\"><strong data-start=\"190\" data-end=\"208\">Points forts :<\/strong><\/p>\n<ol data-start=\"210\" data-end=\"1450\">\n<li data-start=\"210\" data-end=\"406\">\n<p data-start=\"213\" data-end=\"406\"><strong data-start=\"213\" data-end=\"242\">Compatibilit\u00e9 Universelle<\/strong><br data-start=\"242\" data-end=\"245\" \/>La poign\u00e9e r\u00e9glable du PS46 s&rsquo;adapte \u00e0 la plupart des smartphones et de leurs \u00e9tuis, garantissant une utilisation sans souci avec une large gamme d&rsquo;appareils.<\/p>\n<\/li>\n<li data-start=\"408\" data-end=\"676\">\n<p data-start=\"411\" data-end=\"676\"><strong data-start=\"411\" data-end=\"444\">Construction en M\u00e9tal Durable<\/strong><br data-start=\"444\" data-end=\"447\" \/>Con\u00e7u pour offrir une stabilit\u00e9 maximale, ce support robuste en m\u00e9tal \u00e9pais maintient fermement votre t\u00e9l\u00e9phone, m\u00eame sur des routes cahoteuses ou lors de virages serr\u00e9s, r\u00e9duisant ainsi les risques de chute ou de vacillement.<\/p>\n<\/li>\n<li data-start=\"678\" data-end=\"935\">\n<p data-start=\"681\" data-end=\"935\"><strong data-start=\"681\" data-end=\"703\">Fixation S\u00e9curis\u00e9e<\/strong><br data-start=\"703\" data-end=\"706\" \/>Le PS46 propose deux options de montage fiables : un clip de ventilation pour un acc\u00e8s rapide et un support adh\u00e9sif pour tableau de bord, vous permettant de choisir la solution la mieux adapt\u00e9e \u00e0 l&rsquo;int\u00e9rieur de votre v\u00e9hicule.<\/p>\n<\/li>\n<li data-start=\"937\" data-end=\"1205\">\n<p data-start=\"940\" data-end=\"1205\"><strong data-start=\"940\" data-end=\"969\">Angle de Vision Ajustable<\/strong><br data-start=\"969\" data-end=\"972\" \/>Gr\u00e2ce \u00e0 sa t\u00eate pivotante, vous pouvez personnaliser l&rsquo;angle de vision de votre t\u00e9l\u00e9phone, assurant ainsi un confort optimal et une visibilit\u00e9 claire de vos applications de navigation, appels entrants ou divertissements \u00e0 l&rsquo;\u00e9cran.<\/p>\n<\/li>\n<li data-start=\"1207\" data-end=\"1450\">\n<p data-start=\"1210\" data-end=\"1450\"><strong data-start=\"1210\" data-end=\"1239\">Design Compact et \u00c9l\u00e9gant<\/strong><br data-start=\"1239\" data-end=\"1242\" \/>Malgr\u00e9 sa construction robuste, le PS46 conserve un design \u00e9l\u00e9gant et peu encombrant, minimisant l&rsquo;espace occup\u00e9 sur votre tableau de bord ou votre grille d&rsquo;a\u00e9ration, pour une conduite d\u00e9gag\u00e9e et agr\u00e9able.<\/p>\n<\/li>\n<\/ol>\n<p data-start=\"1452\" data-end=\"1564\"><span class=\"relative -mx-px my-[-0.2rem] rounded px-px py-[0.2rem] transition-colors duration-100 ease-in-out\">Le support de voiture universel Bavin PS46 allie solidit\u00e9, praticit\u00e9 et style.<\/span> <span class=\"relative -mx-px my-[-0.2rem] rounded px-px py-[0.2rem] transition-colors duration-100 ease-in-out\">Sa compatibilit\u00e9 \u00e9tendue, ses options de montage s\u00e9curis\u00e9es, son angle de vision ajustable et sa construction durable en font un choix id\u00e9al pour une utilisation mains libres en toute s\u00e9curit\u00e9.<\/span><\/p>\n","protected":false},"excerpt":{"rendered":"<p data-start=\"190\" data-end=\"208\"><strong data-start=\"190\" data-end=\"208\">Points forts :<\/strong><\/p>\n<ol data-start=\"210\" data-end=\"1450\">\n<li data-start=\"210\" data-end=\"406\">\n<p data-start=\"213\" data-end=\"406\"><strong data-start=\"213\" data-end=\"242\">Compatibilit\u00e9 Universelle<\/strong><br data-start=\"242\" data-end=\"245\" \/>La poign\u00e9e r\u00e9glable du PS46 s&rsquo;adapte \u00e0 la plupart des smartphones et de leurs \u00e9tuis, garantissant une utilisation sans souci avec une large gamme d&rsquo;appareils.<\/p>\n<\/li>\n<li data-start=\"408\" data-end=\"676\">\n<p data-start=\"411\" data-end=\"676\"><strong data-start=\"411\" data-end=\"444\">Construction en M\u00e9tal Durable<\/strong><br data-start=\"444\" data-end=\"447\" \/>Con\u00e7u pour offrir une stabilit\u00e9 maximale, ce support robuste en m\u00e9tal \u00e9pais maintient fermement votre t\u00e9l\u00e9phone, m\u00eame sur des routes cahoteuses ou lors de virages serr\u00e9s, r\u00e9duisant ainsi les risques de chute ou de vacillement.<\/p>\n<\/li>\n<li data-start=\"678\" data-end=\"935\">\n<p data-start=\"681\" data-end=\"935\"><strong data-start=\"681\" data-end=\"703\">Fixation S\u00e9curis\u00e9e<\/strong><br data-start=\"703\" data-end=\"706\" \/>Le PS46 propose deux options de montage fiables : un clip de ventilation pour un acc\u00e8s rapide et un support adh\u00e9sif pour tableau de bord, vous permettant de choisir la solution la mieux adapt\u00e9e \u00e0 l&rsquo;int\u00e9rieur de votre v\u00e9hicule.<\/p>\n<\/li>\n<li data-start=\"937\" data-end=\"1205\">\n<p data-start=\"940\" data-end=\"1205\"><strong data-start=\"940\" data-end=\"969\">Angle de Vision Ajustable<\/strong><br data-start=\"969\" data-end=\"972\" \/>Gr\u00e2ce \u00e0 sa t\u00eate pivotante, vous pouvez personnaliser l&rsquo;angle de vision de votre t\u00e9l\u00e9phone, assurant ainsi un confort optimal et une visibilit\u00e9 claire de vos applications de navigation, appels entrants ou divertissements \u00e0 l&rsquo;\u00e9cran.<\/p>\n<\/li>\n<li data-start=\"1207\" data-end=\"1450\">\n<p data-start=\"1210\" data-end=\"1450\"><strong data-start=\"1210\" data-end=\"1239\">Design Compact et \u00c9l\u00e9gant<\/strong><br data-start=\"1239\" data-end=\"1242\" \/>Malgr\u00e9 sa construction robuste, le PS46 conserve un design \u00e9l\u00e9gant et peu encombrant, minimisant l&rsquo;espace occup\u00e9 sur votre tableau de bord ou votre grille d&rsquo;a\u00e9ration, pour une conduite d\u00e9gag\u00e9e et agr\u00e9able.<\/p>\n<\/li>\n<\/ol>\n<p data-start=\"1452\" data-end=\"1564\"><span class=\"relative -mx-px my-[-0.2rem] rounded px-px py-[0.2rem] transition-colors duration-100 ease-in-out\">Le support de voiture universel Bavin PS46 allie solidit\u00e9, praticit\u00e9 et style.<\/span> <span class=\"relative -mx-px my-[-0.2rem] rounded px-px py-[0.2rem] transition-colors duration-100 ease-in-out\">Sa compatibilit\u00e9 \u00e9tendue, ses options de montage s\u00e9curis\u00e9es, son angle de vision ajustable et sa construction durable en font un choix id\u00e9al pour une utilisation mains libres en toute s\u00e9curit\u00e9.<\/span><\/p>\n","protected":false},"featured_media":919,"comment_status":"open","ping_status":"closed","template":"","meta":{"site-sidebar-layout":"default","site-content-layout":"","ast-site-content-layout":"default","site-content-style":"default","site-sidebar-style":"default","ast-global-header-display":"","ast-banner-title-visibility":"","ast-main-header-display":"","ast-hfb-above-header-display":"","ast-hfb-below-header-display":"","ast-hfb-mobile-header-display":"","site-post-title":"","ast-breadcrumbs-content":"","ast-featured-img":"","footer-sml-layout":"","theme-transparent-header-meta":"default","adv-header-id-meta":"","stick-header-meta":"","header-above-stick-meta":"","header-main-stick-meta":"","header-below-stick-meta":"","astra-migrate-meta-layouts":"set","ast-page-background-enabled":"default","ast-page-background-meta":{"desktop":{"background-color":"var(--ast-global-color-4)","background-image":"","background-repeat":"repeat","background-position":"center center","background-size":"auto","background-attachment":"scroll","background-type":"","background-media":"","overlay-type":"","overlay-color":"","overlay-gradient":""},"tablet":{"background-color":"","background-image":"","background-repeat":"repeat","background-position":"center center","background-size":"auto","background-attachment":"scroll","background-type":"","background-media":"","overlay-type":"","overlay-color":"","overlay-gradient":""},"mobile":{"background-color":"","background-image":"","background-repeat":"repeat","background-position":"center center","background-size":"auto","background-attachment":"scroll","background-type":"","background-media":"","overlay-type":"","overlay-color":"","overlay-gradient":""}},"ast-content-background-meta":{"desktop":{"background-color":"var(--ast-global-color-5)","background-image":"","background-repeat":"repeat","background-position":"center center","background-size":"auto","background-attachment":"scroll","background-type":"","background-media":"","overlay-type":"","overlay-color":"","overlay-gradient":""},"tablet":{"background-color":"var(--ast-global-color-5)","background-image":"","background-repeat":"repeat","background-position":"center center","background-size":"auto","background-attachment":"scroll","background-type":"","background-media":"","overlay-type":"","overlay-color":"","overlay-gradient":""},"mobile":{"background-color":"var(--ast-global-color-5)","background-image":"","background-repeat":"repeat","background-position":"center center","background-size":"auto","background-attachment":"scroll","background-type":"","background-media":"","overlay-type":"","overlay-color":"","overlay-gradient":""}}},"product_cat":[50],"product_tag":[],"class_list":{"0":"post-918","1":"product","2":"type-product","3":"status-publish","4":"has-post-thumbnail","6":"product_cat-accessoires","7":"desktop-align-left","8":"tablet-align-left","9":"mobile-align-left","11":"first","12":"instock","13":"sale","14":"shipping-taxable","15":"purchasable","16":"product-type-simple"},"yoast_head":"<!-- This site is optimized with the Yoast SEO plugin v25.5 - https:\/\/yoast.com\/wordpress\/plugins\/seo\/ -->\n<title>Support de Voiture Universel Bavin PS46 \u2013 M\u00e9tal Renforc\u00e9 &amp; Fixation S\u00e9curis\u00e9e -<\/title>\n<meta name=\"robots\" content=\"index, follow, max-snippet:-1, max-image-preview:large, max-video-preview:-1\" \/>\n<link rel=\"canonical\" href=\"https:\/\/microzed.tn\/?product=support-de-voiture-universel-bavin-ps46-metal-renforce-fixation-securisee\" \/>\n<meta property=\"og:locale\" content=\"fr_FR\" \/>\n<meta property=\"og:type\" content=\"article\" \/>\n<meta property=\"og:title\" content=\"Support de Voiture Universel Bavin PS46 \u2013 M\u00e9tal Renforc\u00e9 &amp; Fixation S\u00e9curis\u00e9e -\" \/>\n<meta property=\"og:description\" content=\"Points forts :     Compatibilit\u00e9 UniverselleLa poign\u00e9e r\u00e9glable du PS46 s&#039;adapte \u00e0 la plupart des smartphones et de leurs \u00e9tuis, garantissant une utilisation sans souci avec une large gamme d&#039;appareils.    Construction en M\u00e9tal DurableCon\u00e7u pour offrir une stabilit\u00e9 maximale, ce support robuste en m\u00e9tal \u00e9pais maintient fermement votre t\u00e9l\u00e9phone, m\u00eame sur des routes cahoteuses ou lors de virages serr\u00e9s, r\u00e9duisant ainsi les risques de chute ou de vacillement.    Fixation S\u00e9curis\u00e9eLe PS46 propose deux options de montage fiables : un clip de ventilation pour un acc\u00e8s rapide et un support adh\u00e9sif pour tableau de bord, vous permettant de choisir la solution la mieux adapt\u00e9e \u00e0 l&#039;int\u00e9rieur de votre v\u00e9hicule.    Angle de Vision AjustableGr\u00e2ce \u00e0 sa t\u00eate pivotante, vous pouvez personnaliser l&#039;angle de vision de votre t\u00e9l\u00e9phone, assurant ainsi un confort optimal et une visibilit\u00e9 claire de vos applications de navigation, appels entrants ou divertissements \u00e0 l&#039;\u00e9cran.    Design Compact et \u00c9l\u00e9gantMalgr\u00e9 sa construction robuste, le PS46 conserve un design \u00e9l\u00e9gant et peu encombrant, minimisant l&#039;espace occup\u00e9 sur votre tableau de bord ou votre grille d&#039;a\u00e9ration, pour une conduite d\u00e9gag\u00e9e et agr\u00e9able.   Le support de voiture universel Bavin PS46 allie solidit\u00e9, praticit\u00e9 et style. Sa compatibilit\u00e9 \u00e9tendue, ses options de montage s\u00e9curis\u00e9es, son angle de vision ajustable et sa construction durable en font un choix id\u00e9al pour une utilisation mains libres en toute s\u00e9curit\u00e9.\" \/>\n<meta property=\"og:url\" content=\"https:\/\/microzed.tn\/?product=support-de-voiture-universel-bavin-ps46-metal-renforce-fixation-securisee\" \/>\n<meta property=\"article:modified_time\" content=\"2025-05-19T10:05:53+00:00\" \/>\n<meta property=\"og:image\" content=\"https:\/\/microzed.tn\/wp-content\/uploads\/2025\/05\/ps46.jpg\" \/>\n\t<meta property=\"og:image:width\" content=\"512\" \/>\n\t<meta property=\"og:image:height\" content=\"511\" \/>\n\t<meta property=\"og:image:type\" content=\"image\/jpeg\" \/>\n<meta name=\"twitter:card\" content=\"summary_large_image\" \/>\n<meta name=\"twitter:label1\" content=\"Dur\u00e9e de lecture estim\u00e9e\" \/>\n\t<meta name=\"twitter:data1\" content=\"1 minute\" \/>\n<script type=\"application\/ld+json\" class=\"yoast-schema-graph\">{\"@context\":\"https:\/\/schema.org\",\"@graph\":[{\"@type\":\"WebPage\",\"@id\":\"https:\/\/microzed.tn\/?product=support-de-voiture-universel-bavin-ps46-metal-renforce-fixation-securisee\",\"url\":\"https:\/\/microzed.tn\/?product=support-de-voiture-universel-bavin-ps46-metal-renforce-fixation-securisee\",\"name\":\"Support de Voiture Universel Bavin PS46 \u2013 M\u00e9tal Renforc\u00e9 & Fixation S\u00e9curis\u00e9e -\",\"isPartOf\":{\"@id\":\"https:\/\/microzed.tn\/#website\"},\"primaryImageOfPage\":{\"@id\":\"https:\/\/microzed.tn\/?product=support-de-voiture-universel-bavin-ps46-metal-renforce-fixation-securisee#primaryimage\"},\"image\":{\"@id\":\"https:\/\/microzed.tn\/?product=support-de-voiture-universel-bavin-ps46-metal-renforce-fixation-securisee#primaryimage\"},\"thumbnailUrl\":\"https:\/\/microzed.tn\/wp-content\/uploads\/2025\/05\/ps46.jpg\",\"datePublished\":\"2025-05-12T14:10:58+00:00\",\"dateModified\":\"2025-05-19T10:05:53+00:00\",\"breadcrumb\":{\"@id\":\"https:\/\/microzed.tn\/?product=support-de-voiture-universel-bavin-ps46-metal-renforce-fixation-securisee#breadcrumb\"},\"inLanguage\":\"fr-FR\",\"potentialAction\":[{\"@type\":\"ReadAction\",\"target\":[\"https:\/\/microzed.tn\/?product=support-de-voiture-universel-bavin-ps46-metal-renforce-fixation-securisee\"]}]},{\"@type\":\"ImageObject\",\"inLanguage\":\"fr-FR\",\"@id\":\"https:\/\/microzed.tn\/?product=support-de-voiture-universel-bavin-ps46-metal-renforce-fixation-securisee#primaryimage\",\"url\":\"https:\/\/microzed.tn\/wp-content\/uploads\/2025\/05\/ps46.jpg\",\"contentUrl\":\"https:\/\/microzed.tn\/wp-content\/uploads\/2025\/05\/ps46.jpg\",\"width\":512,\"height\":511},{\"@type\":\"BreadcrumbList\",\"@id\":\"https:\/\/microzed.tn\/?product=support-de-voiture-universel-bavin-ps46-metal-renforce-fixation-securisee#breadcrumb\",\"itemListElement\":[{\"@type\":\"ListItem\",\"position\":1,\"name\":\"Accueil\",\"item\":\"https:\/\/microzed.tn\/\"},{\"@type\":\"ListItem\",\"position\":2,\"name\":\"Products\",\"item\":\"https:\/\/microzed.tn\/?page_id=110\"},{\"@type\":\"ListItem\",\"position\":3,\"name\":\"Support de Voiture Universel Bavin PS46 \u2013 M\u00e9tal Renforc\u00e9 &#038; Fixation S\u00e9curis\u00e9e\"}]},{\"@type\":\"WebSite\",\"@id\":\"https:\/\/microzed.tn\/#website\",\"url\":\"https:\/\/microzed.tn\/\",\"name\":\"\",\"description\":\"\",\"potentialAction\":[{\"@type\":\"SearchAction\",\"target\":{\"@type\":\"EntryPoint\",\"urlTemplate\":\"https:\/\/microzed.tn\/?s={search_term_string}\"},\"query-input\":{\"@type\":\"PropertyValueSpecification\",\"valueRequired\":true,\"valueName\":\"search_term_string\"}}],\"inLanguage\":\"fr-FR\"}]}<\/script>\n<!-- \/ Yoast SEO plugin. -->","yoast_head_json":{"title":"Support de Voiture Universel Bavin PS46 \u2013 M\u00e9tal Renforc\u00e9 & Fixation S\u00e9curis\u00e9e -","robots":{"index":"index","follow":"follow","max-snippet":"max-snippet:-1","max-image-preview":"max-image-preview:large","max-video-preview":"max-video-preview:-1"},"canonical":"https:\/\/microzed.tn\/?product=support-de-voiture-universel-bavin-ps46-metal-renforce-fixation-securisee","og_locale":"fr_FR","og_type":"article","og_title":"Support de Voiture Universel Bavin PS46 \u2013 M\u00e9tal Renforc\u00e9 & Fixation S\u00e9curis\u00e9e -","og_description":"Points forts :     Compatibilit\u00e9 UniverselleLa poign\u00e9e r\u00e9glable du PS46 s'adapte \u00e0 la plupart des smartphones et de leurs \u00e9tuis, garantissant une utilisation sans souci avec une large gamme d'appareils.    Construction en M\u00e9tal DurableCon\u00e7u pour offrir une stabilit\u00e9 maximale, ce support robuste en m\u00e9tal \u00e9pais maintient fermement votre t\u00e9l\u00e9phone, m\u00eame sur des routes cahoteuses ou lors de virages serr\u00e9s, r\u00e9duisant ainsi les risques de chute ou de vacillement.    Fixation S\u00e9curis\u00e9eLe PS46 propose deux options de montage fiables : un clip de ventilation pour un acc\u00e8s rapide et un support adh\u00e9sif pour tableau de bord, vous permettant de choisir la solution la mieux adapt\u00e9e \u00e0 l'int\u00e9rieur de votre v\u00e9hicule.    Angle de Vision AjustableGr\u00e2ce \u00e0 sa t\u00eate pivotante, vous pouvez personnaliser l'angle de vision de votre t\u00e9l\u00e9phone, assurant ainsi un confort optimal et une visibilit\u00e9 claire de vos applications de navigation, appels entrants ou divertissements \u00e0 l'\u00e9cran.    Design Compact et \u00c9l\u00e9gantMalgr\u00e9 sa construction robuste, le PS46 conserve un design \u00e9l\u00e9gant et peu encombrant, minimisant l'espace occup\u00e9 sur votre tableau de bord ou votre grille d'a\u00e9ration, pour une conduite d\u00e9gag\u00e9e et agr\u00e9able.   Le support de voiture universel Bavin PS46 allie solidit\u00e9, praticit\u00e9 et style. Sa compatibilit\u00e9 \u00e9tendue, ses options de montage s\u00e9curis\u00e9es, son angle de vision ajustable et sa construction durable en font un choix id\u00e9al pour une utilisation mains libres en toute s\u00e9curit\u00e9.","og_url":"https:\/\/microzed.tn\/?product=support-de-voiture-universel-bavin-ps46-metal-renforce-fixation-securisee","article_modified_time":"2025-05-19T10:05:53+00:00","og_image":[{"width":512,"height":511,"url":"https:\/\/microzed.tn\/wp-content\/uploads\/2025\/05\/ps46.jpg","type":"image\/jpeg"}],"twitter_card":"summary_large_image","twitter_misc":{"Dur\u00e9e de lecture estim\u00e9e":"1 minute"},"schema":{"@context":"https:\/\/schema.org","@graph":[{"@type":"WebPage","@id":"https:\/\/microzed.tn\/?product=support-de-voiture-universel-bavin-ps46-metal-renforce-fixation-securisee","url":"https:\/\/microzed.tn\/?product=support-de-voiture-universel-bavin-ps46-metal-renforce-fixation-securisee","name":"Support de Voiture Universel Bavin PS46 \u2013 M\u00e9tal Renforc\u00e9 & Fixation S\u00e9curis\u00e9e -","isPartOf":{"@id":"https:\/\/microzed.tn\/#website"},"primaryImageOfPage":{"@id":"https:\/\/microzed.tn\/?product=support-de-voiture-universel-bavin-ps46-metal-renforce-fixation-securisee#primaryimage"},"image":{"@id":"https:\/\/microzed.tn\/?product=support-de-voiture-universel-bavin-ps46-metal-renforce-fixation-securisee#primaryimage"},"thumbnailUrl":"https:\/\/microzed.tn\/wp-content\/uploads\/2025\/05\/ps46.jpg","datePublished":"2025-05-12T14:10:58+00:00","dateModified":"2025-05-19T10:05:53+00:00","breadcrumb":{"@id":"https:\/\/microzed.tn\/?product=support-de-voiture-universel-bavin-ps46-metal-renforce-fixation-securisee#breadcrumb"},"inLanguage":"fr-FR","potentialAction":[{"@type":"ReadAction","target":["https:\/\/microzed.tn\/?product=support-de-voiture-universel-bavin-ps46-metal-renforce-fixation-securisee"]}]},{"@type":"ImageObject","inLanguage":"fr-FR","@id":"https:\/\/microzed.tn\/?product=support-de-voiture-universel-bavin-ps46-metal-renforce-fixation-securisee#primaryimage","url":"https:\/\/microzed.tn\/wp-content\/uploads\/2025\/05\/ps46.jpg","contentUrl":"https:\/\/microzed.tn\/wp-content\/uploads\/2025\/05\/ps46.jpg","width":512,"height":511},{"@type":"BreadcrumbList","@id":"https:\/\/microzed.tn\/?product=support-de-voiture-universel-bavin-ps46-metal-renforce-fixation-securisee#breadcrumb","itemListElement":[{"@type":"ListItem","position":1,"name":"Accueil","item":"https:\/\/microzed.tn\/"},{"@type":"ListItem","position":2,"name":"Products","item":"https:\/\/microzed.tn\/?page_id=110"},{"@type":"ListItem","position":3,"name":"Support de Voiture Universel Bavin PS46 \u2013 M\u00e9tal Renforc\u00e9 &#038; Fixation S\u00e9curis\u00e9e"}]},{"@type":"WebSite","@id":"https:\/\/microzed.tn\/#website","url":"https:\/\/microzed.tn\/","name":"","description":"","potentialAction":[{"@type":"SearchAction","target":{"@type":"EntryPoint","urlTemplate":"https:\/\/microzed.tn\/?s={search_term_string}"},"query-input":{"@type":"PropertyValueSpecification","valueRequired":true,"valueName":"search_term_string"}}],"inLanguage":"fr-FR"}]}},"jetpack_sharing_enabled":true,"_links":{"self":[{"href":"https:\/\/microzed.tn\/index.php?rest_route=\/wp\/v2\/product\/918","targetHints":{"allow":["GET"]}}],"collection":[{"href":"https:\/\/microzed.tn\/index.php?rest_route=\/wp\/v2\/product"}],"about":[{"href":"https:\/\/microzed.tn\/index.php?rest_route=\/wp\/v2\/types\/product"}],"replies":[{"embeddable":true,"href":"https:\/\/microzed.tn\/index.php?rest_route=%2Fwp%2Fv2%2Fcomments&post=918"}],"wp:featuredmedia":[{"embeddable":true,"href":"https:\/\/microzed.tn\/index.php?rest_route=\/wp\/v2\/media\/919"}],"wp:attachment":[{"href":"https:\/\/microzed.tn\/index.php?rest_route=%2Fwp%2Fv2%2Fmedia&parent=918"}],"wp:term":[{"taxonomy":"product_cat","embeddable":true,"href":"https:\/\/microzed.tn\/index.php?rest_route=%2Fwp%2Fv2%2Fproduct_cat&post=918"},{"taxonomy":"product_tag","embeddable":true,"href":"https:\/\/microzed.tn\/index.php?rest_route=%2Fwp%2Fv2%2Fproduct_tag&post=918"}],"curies":[{"name":"wp","href":"https:\/\/api.w.org\/{rel}","templated":true}]}}